{"id":1372,"date":"2014-10-31T11:41:35","date_gmt":"2014-10-31T09:41:35","guid":{"rendered":"http:\/\/www.santarves.salcininkai.lm.lt\/?page_id=1372"},"modified":"2016-10-17T08:50:13","modified_gmt":"2016-10-17T06:50:13","slug":"darbo-uzmokestis","status":"publish","type":"page","link":"http:\/\/www.santarves.salcininkai.lm.lt\/?page_id=1372","title":{"rendered":"Darbo u\u017emokestis"},"content":{"rendered":"<p>\n\t<span style=\"font-size:14px;\"><a href=\"http:\/\/www.santarves.salcininkai.lm.lt\/wp-content\/uploads\/2014\/10\/Darbuotoj\u0173-atlyginimas-2016-09.doc\" rel=\"\">Darbuotoj\u0173 vidutinis darbo u\u017emokestis 2016-09-01<\/a><\/span>\n<\/p>\n<p>\n\t<a href=\"http:\/\/www.santarves.salcininkai.lm.lt\/wp-content\/uploads\/Darbuotoj\u0173 atlyginimas 2015.doc\"><span style=\"font-size:14px;\">Darbuotoj\u0173 vidutinis darbo u\u017emokestis 2015-03-01<\/span><\/a>\n<\/p>\n<p>\n\t<span style=\"font-size:14px;\"><a href=\"http:\/\/www.santarves.salcininkai.lm.lt\/wp-content\/uploads\/Darbuotoj\u0173 atlyginimas 2014(1).doc\">Darbuotoj\u0173 vidutinis darbo u\u017emokestis 2014-09-01<\/a><\/span>\n<\/p>\n<p>\n\t&nbsp;<\/p>\n","protected":false},"excerpt":{"rendered":"<p>Darbuotoj\u0173 vidutinis darbo u\u017emokestis 2016-09-01 Darbuotoj\u0173 vidutinis darbo u\u017emokestis 2015-03-01 Darbuotoj\u0173 vidutinis darbo u\u017emokestis 2014-09-01 &nbsp;<\/p>\n","protected":false},"author":1,"featured_media":0,"parent":10,"menu_order":11,"comment_status":"open","ping_status":"open","template":"","meta":{"ngg_post_thumbnail":0},"_links":{"self":[{"href":"http:\/\/www.santarves.salcininkai.lm.lt\/index.php?rest_route=\/wp\/v2\/pages\/1372"}],"collection":[{"href":"http:\/\/www.santarves.salcininkai.lm.lt\/index.php?rest_route=\/wp\/v2\/pages"}],"about":[{"href":"http:\/\/www.santarves.salcininkai.lm.lt\/index.php?rest_route=\/wp\/v2\/types\/page"}],"author":[{"embeddable":true,"href":"http:\/\/www.santarves.salcininkai.lm.lt\/index.php?rest_route=\/wp\/v2\/users\/1"}],"replies":[{"embeddable":true,"href":"http:\/\/www.santarves.salcininkai.lm.lt\/index.php?rest_route=%2Fwp%2Fv2%2Fcomments&post=1372"}],"version-history":[{"count":5,"href":"http:\/\/www.santarves.salcininkai.lm.lt\/index.php?rest_route=\/wp\/v2\/pages\/1372\/revisions"}],"predecessor-version":[{"id":2447,"href":"http:\/\/www.santarves.salcininkai.lm.lt\/index.php?rest_route=\/wp\/v2\/pages\/1372\/revisions\/2447"}],"up":[{"embeddable":true,"href":"http:\/\/www.santarves.salcininkai.lm.lt\/index.php?rest_route=\/wp\/v2\/pages\/10"}],"wp:attachment":[{"href":"http:\/\/www.santarves.salcininkai.lm.lt\/index.php?rest_route=%2Fwp%2Fv2%2Fmedia&parent=1372"}],"curies":[{"name":"wp","href":"https:\/\/api.w.org\/{rel}","templated":true}]}}