{"id":1581,"date":"2015-04-15T23:05:54","date_gmt":"2015-04-15T21:05:54","guid":{"rendered":"http:\/\/www.santarves.salcininkai.lm.lt\/?page_id=1581"},"modified":"2026-01-08T11:38:05","modified_gmt":"2026-01-08T09:38:05","slug":"tvarkarasciai","status":"publish","type":"page","link":"http:\/\/www.santarves.salcininkai.lm.lt\/?page_id=1581","title":{"rendered":"Tvarkara\u0161\u010diai"},"content":{"rendered":"<p style=\"text-align: center;\"><span style=\"font-size: 16px;\"><strong>2025-2026 m.m. I pusmetis<\/strong><\/span><\/p>\n<table border=\"0\" width=\"558\" cellspacing=\"3\" cellpadding=\"1\" align=\"center\">\n<tbody>\n<tr>\n<td style=\"text-align: center;\"><a href=\"http:\/\/www.santarves.salcininkai.lm.lt\/wp-content\/uploads\/2015\/04\/tvarkarastis-pradinukai.lt_.png\"><img decoding=\"async\" loading=\"lazy\" class=\"aligncenter size-full wp-image-1587\" title=\"tvarkarastis-pradinukai.lt\" src=\"http:\/\/www.santarves.salcininkai.lm.lt\/wp-content\/uploads\/2015\/04\/tvarkarastis-pradinukai.lt_.png\" alt=\"\" width=\"127\" height=\"282\"><\/a><\/td>\n<td>Pamok\u0173 tvarkara\u0161tis &#8211; 1 klas\u0117\n<p>&nbsp;<\/p>\n<p>Pamok\u0173 tvarkara\u0161tis &#8211; 2 klas\u0117<\/p>\n<p>Pamok\u0173 tvarkara\u0161tis &#8211; 3 klas\u0117<\/p>\n<p>Pamok\u0173 tvarkara\u0161tis &#8211; 4 klas\u0117<\/p>\n<p>Pamok\u0173 tvarkara\u0161tis &#8211; 5-8, I-IVG klas\u0117s<\/p>\n<p>Neformaliojo \u0161vietimo tvarkara\u0161tis<\/p>\n<p>Klas\u0117s valand\u0117l\u0117s<\/p>\n<p>Mokini\u0173 konsultavimas<\/p>\n<\/td>\n<\/tr>\n<\/tbody>\n<\/table>\n\n\n<p><\/p>\n\n\n\n\n\n<p class=\"has-text-align-center has-medium-font-size\"><strong>Mokyklinio autobuso tvarkara\u0161tis<\/strong><\/p>\n\n\n\n<p><strong>MOKYKLINIO AUTOBUSO MERSEDES BENZ SPRINTER 311, VALSTYBINIS NR. DDU 063, VA\u017dIAVIMO TVARKARA\u0160TIS<\/strong><\/p>\n\n\n\n<p><strong>I mar\u0161rutas \u00a0I\u0161 ryto:<\/strong><\/p>\n\n\n\n<p>6.15 &nbsp;&nbsp;&nbsp;&nbsp;&nbsp;&nbsp;&nbsp;&nbsp;&nbsp;&nbsp;&nbsp;&nbsp;&nbsp; I\u0161vykimas i\u0161 \u0160al\u010dinink\u0173 (gimnazija)<\/p>\n\n\n\n<p>6.50&nbsp;&nbsp;&nbsp;&nbsp;&nbsp;&nbsp;&nbsp;&nbsp;&nbsp;&nbsp;&nbsp;&nbsp;&nbsp;&nbsp; Dieveni\u0161k\u0117s (Kalvi\u0173 km.)<\/p>\n\n\n\n<p>7.20 &nbsp;&nbsp;&nbsp;&nbsp;&nbsp;&nbsp;&nbsp;&nbsp;&nbsp;&nbsp;&nbsp;&nbsp;&nbsp; P\u0117pi\u0173 k.- \u0160irvi\u0173 k.<\/p>\n\n\n\n<p>7.30&nbsp;&nbsp;&nbsp;&nbsp;&nbsp;&nbsp;&nbsp;&nbsp;&nbsp;&nbsp;&nbsp;&nbsp;&nbsp;&nbsp; Sakalin\u0117s k.<\/p>\n\n\n\n<p>7.35&nbsp;&nbsp;&nbsp;&nbsp;&nbsp;&nbsp;&nbsp;&nbsp;&nbsp;&nbsp;&nbsp;&nbsp;&nbsp;&nbsp; \u016atos km.<\/p>\n\n\n\n<p>7.45&nbsp;&nbsp;&nbsp;&nbsp;&nbsp;&nbsp;&nbsp;&nbsp;&nbsp;&nbsp;&nbsp;&nbsp;&nbsp;&nbsp; D. Bau\u0161i\u0173 k. &nbsp;<\/p>\n\n\n\n<p>7.55&nbsp;&nbsp;&nbsp;&nbsp;&nbsp;&nbsp;&nbsp;&nbsp;&nbsp;&nbsp;&nbsp;&nbsp;&nbsp;&nbsp; Atvykimas \u012f \u0160al\u010dininkus (gimnazija)<\/p>\n\n\n\n<p>I\u0161 viso: 73 km.<\/p>\n\n\n\n<p><strong>II mar\u0161rutas \u00a0 I\u0161 ryto:<\/strong><\/p>\n\n\n\n<p>8.00&nbsp;&nbsp;&nbsp;&nbsp;&nbsp;&nbsp;&nbsp;&nbsp;&nbsp;&nbsp;&nbsp;&nbsp;&nbsp;&nbsp; \u010ciu\u017eiakampio k. \u2013 \u0160al\u010dinink\u0173 lop\u0161elis-dar\u017eelis ,,Pasaka\u201c<\/p>\n\n\n\n<p>I\u0161 viso: 17 km.<\/p>\n\n\n\n<p><strong>III mar\u0161rutas \u00a0Po pamok\u0173:<\/strong><\/p>\n\n\n\n<p>14.45&nbsp;&nbsp;&nbsp;&nbsp;&nbsp;&nbsp;&nbsp;&nbsp;&nbsp;&nbsp;&nbsp;&nbsp; \u0160al\u010dininkai (gimnazija) \u2013 Karalinos k. \u2013 Triboni\u0173 k. \u2013 \u010ciu\u017eiakampio k.<\/p>\n\n\n\n<p>15.30 &nbsp;&nbsp;&nbsp;&nbsp;&nbsp;&nbsp;&nbsp;&nbsp;&nbsp;&nbsp;&nbsp; \u0160al\u010dininkai (gimnazija)<\/p>\n\n\n\n<p>I\u0161 viso: 26 km.<\/p>\n\n\n\n<p><strong>IV mar\u0161rutas<\/strong>   <strong>Po pamok\u0173:<\/strong><\/p>\n\n\n\n<p>15.35&nbsp;&nbsp;&nbsp;&nbsp;&nbsp;&nbsp;&nbsp;&nbsp;&nbsp;&nbsp;&nbsp;&nbsp; \u0160al\u010dininkai (gimnazija) \u2013 D. Bau\u0161i\u0173 k. \u2013 \u0160irvi\u0173 k. \u2013 P\u0117pi\u0173 k. \u2013 Dieveni\u0161k\u0117s (Kalvi\u0173 km.)<\/p>\n\n\n\n<p>17.00&nbsp;&nbsp;&nbsp;&nbsp;&nbsp;&nbsp;&nbsp;&nbsp;&nbsp;&nbsp;&nbsp;&nbsp; \u0160al\u010dininkai<\/p>\n\n\n\n<p>I\u0161 viso: 67 km.<\/p>\n\n\n\n<p><\/p>\n\n\n\n<div class=\"wp-block-file\"><a id=\"wp-block-file--media-85c2d1c7-77d9-4f26-b057-37e43bc525d4\" href=\"http:\/\/www.santarves.salcininkai.lm.lt\/wp-content\/uploads\/2026\/01\/Mokyklinio-autobuso-tvarkarastis_marsrutai-2025-2026.pdf\"><strong>\u012eSAKYMAS<\/strong> <strong>D\u0116L MOKYKLINIO AUTOBUSO TVARKARA\u0160\u010cIO PATVIRTINIMO<\/strong><\/a><a href=\"http:\/\/www.santarves.salcininkai.lm.lt\/wp-content\/uploads\/2026\/01\/Mokyklinio-autobuso-tvarkarastis_marsrutai-2025-2026.pdf\" class=\"wp-block-file__button wp-element-button\" download aria-describedby=\"wp-block-file--media-85c2d1c7-77d9-4f26-b057-37e43bc525d4\">Parsisi\u0173sti<\/a><\/div>\n\n\n<p><a href=\"http:\/\/www.santarves.salcininkai.lm.lt\/wp-content\/uploads\/2026\/01\/Mokyklinio_autobuso_Tvarkos-aprasas_2024.docx\">MOKINI\u0172 VE\u017dIMO MOKYKLINIU AUTOBUSU TVARKOS APRA\u0160AS<\/a><\/p>\n\n<p><a href=\"http:\/\/www.santarves.salcininkai.lm.lt\/wp-content\/uploads\/2026\/01\/Elgeslio-autobuse-taisykles.docx\">MOKINI\u0172 SAUGAUS ELGESIO MOKYKLINIAME AUTOBUSE\/AUTOBUSE TAISYKL\u0116S<\/a><\/p>","protected":false},"excerpt":{"rendered":"<p>2025-2026 m.m. I pusmetis Pamok\u0173 tvarkara\u0161tis &#8211; 1 klas\u0117 &nbsp; Pamok\u0173 tvarkara\u0161tis &#8211; 2 klas\u0117 Pamok\u0173 tvarkara\u0161tis &#8211; 3 klas\u0117 Pamok\u0173 tvarkara\u0161tis &#8211; 4 klas\u0117 Pamok\u0173 tvarkara\u0161tis &#8211; 5-8, I-IVG klas\u0117s Neformaliojo \u0161vietimo tvarkara\u0161tis Klas\u0117s valand\u0117l\u0117s Mokini\u0173 konsultavimas Mokyklinio autobuso tvarkara\u0161tis MOKYKLINIO AUTOBUSO MERSEDES BENZ SPRINTER 311, VALSTYBINIS NR. DDU 063, VA\u017dIAVIMO TVARKARA\u0160TIS I mar\u0161rutas [&hellip;]<\/p>\n","protected":false},"author":1,"featured_media":0,"parent":1729,"menu_order":2,"comment_status":"closed","ping_status":"closed","template":"","meta":{"ngg_post_thumbnail":0},"_links":{"self":[{"href":"http:\/\/www.santarves.salcininkai.lm.lt\/index.php?rest_route=\/wp\/v2\/pages\/1581"}],"collection":[{"href":"http:\/\/www.santarves.salcininkai.lm.lt\/index.php?rest_route=\/wp\/v2\/pages"}],"about":[{"href":"http:\/\/www.santarves.salcininkai.lm.lt\/index.php?rest_route=\/wp\/v2\/types\/page"}],"author":[{"embeddable":true,"href":"http:\/\/www.santarves.salcininkai.lm.lt\/index.php?rest_route=\/wp\/v2\/users\/1"}],"replies":[{"embeddable":true,"href":"http:\/\/www.santarves.salcininkai.lm.lt\/index.php?rest_route=%2Fwp%2Fv2%2Fcomments&post=1581"}],"version-history":[{"count":26,"href":"http:\/\/www.santarves.salcininkai.lm.lt\/index.php?rest_route=\/wp\/v2\/pages\/1581\/revisions"}],"predecessor-version":[{"id":7992,"href":"http:\/\/www.santarves.salcininkai.lm.lt\/index.php?rest_route=\/wp\/v2\/pages\/1581\/revisions\/7992"}],"up":[{"embeddable":true,"href":"http:\/\/www.santarves.salcininkai.lm.lt\/index.php?rest_route=\/wp\/v2\/pages\/1729"}],"wp:attachment":[{"href":"http:\/\/www.santarves.salcininkai.lm.lt\/index.php?rest_route=%2Fwp%2Fv2%2Fmedia&parent=1581"}],"curies":[{"name":"wp","href":"https:\/\/api.w.org\/{rel}","templated":true}]}}