{"id":1710,"date":"2015-05-13T16:47:21","date_gmt":"2015-05-13T14:47:21","guid":{"rendered":"http:\/\/www.santarves.salcininkai.lm.lt\/?page_id=1710"},"modified":"2026-04-01T22:38:18","modified_gmt":"2026-04-01T20:38:18","slug":"vaiko-geroves-komisija","status":"publish","type":"page","link":"http:\/\/www.santarves.salcininkai.lm.lt\/?page_id=1710","title":{"rendered":"Vaiko gerov\u0117s komisija"},"content":{"rendered":"<p><a href=\"http:\/\/www.santarves.salcininkai.lm.lt\/wp-content\/uploads\/2026\/04\/VGK-planas-2025-2026.doc\">Vaiko gerov\u0117s komisijos veiklos programa 2025-2026 m.m.<\/a><\/p>\n<h3><a href=\"http:\/\/www.santarves.salcininkai.lm.lt\/wp-content\/uploads\/2021\/10\/4_lankstinukai_arch_Vaiko-Geroves-Komisija_web-1.pdf\">Vaiko gerov\u0117s komisijos veikla (informacinis lankstinukas)<\/a><\/h3>\n<p><b style=\"mso-bidi-font-weight: normal;\"><span style=\"font-size: 12.0pt; mso-bidi-font-size: 11.0pt; font-family: 'Times New Roman','serif'; mso-ansi-language: LT;\">Vaiko gerov\u0117s komisijos tikslas:<\/span><\/b><br \/>\n<span style=\"font-size: 12.0pt; mso-bidi-font-size: 11.0pt; font-family: 'Times New Roman','serif'; mso-ansi-language: LT;\">Teikti kvalifikuot\u0105 pagalb\u0105 vaikui ir jo t\u0117vams (teis\u0117tiems vaiko atstovams), sprend\u017eiant vaik\u0173 ugdymo, elgesio, lankomumo, saugumo u\u017etikrinimo ir kitais klausimais.<\/span><\/p>\n<p><b style=\"mso-bidi-font-weight: normal;\"><span style=\"font-size: 12.0pt; mso-bidi-font-size: 11.0pt; font-family: 'Times New Roman','serif'; mso-ansi-language: LT;\">Vaiko gerov\u0117s komisijos u\u017edaviniai:<\/span><\/b><\/p>\n<ol style=\"margin-top: 0cm;\" start=\"1\" type=\"1\">\n<li><span style=\"font-size: 12.0pt; mso-bidi-font-size: 11.0pt; font-family: 'Times New Roman','serif'; mso-ansi-language: LT;\">Analizuoti ir parinkti tinkamus pagalbos budus, mokini\u0173 elgesio taisykli\u0173 pa\u017eeidimams, smurto, paty\u010di\u0173, \u017ealing\u0173 \u012fpro\u010di\u0173, pamok\u0173 nelankymo ir kitiems teis\u0117tvarkos pa\u017eeidim\u0173 atvejams spr\u0119sti;<\/span><\/li>\n<li><span style=\"font-size: 12.0pt; mso-bidi-font-size: 11.0pt; font-family: 'Times New Roman','serif'; mso-ansi-language: LT;\">Formuoti mokini\u0173 sveikos gyvensenos poreik\u012f ir \u012fg\u016bd\u017eius;<\/span><\/li>\n<li><span style=\"font-size: 12.0pt; font-family: 'Times New Roman','serif'; mso-ansi-language: LT;\">Dalyvauti \u012fvairiuose projektuose, konkursuose, akcijose. Stengtis, kad \u012fsitraukt\u0173 ko daugiau mokyklos bendruomen\u0117s nari\u0173;<\/span><\/li>\n<li><span style=\"font-size: 12.0pt; mso-bidi-font-size: 11.0pt; font-family: 'Times New Roman','serif'; mso-ansi-language: LT;\">Teikti rekomendacijas mokytojams d\u0117l ugdymo metod\u0173 ir darbo organizavimo su vaikais, kuri\u0173 elgesys yra nepageidaujamas;<\/span><\/li>\n<li><span style=\"font-size: 12.0pt; font-family: 'Times New Roman','serif'; mso-ansi-language: LT;\">Vertinti<span style=\"mso-spacerun: yes;\">&nbsp; <\/span>mokyklos ugdymosi aplink\u0105, vaik\u0173 saugum\u0105, analizuoti vaik\u0173 ugdymosi poreikius, problemas ir j\u0173 prie\u017eastis, nustatyti \u0161vietimo pagalbos priemoni\u0173 kryptis ir teikimo formas;<\/span><\/li>\n<li><span style=\"font-size: 12.0pt; mso-bidi-font-size: 11.0pt; font-family: 'Times New Roman','serif'; mso-ansi-language: LT;\">Siekti, kad mokyklos bendruomen\u0117 kuo aktyviau \u012fsitraukt\u0173 \u012f prevencin\u0119 ir socialin\u0119 veikl\u0105 mokykloje;<\/span><\/li>\n<li><span style=\"font-size: 12.0pt; mso-bidi-font-size: 11.0pt; font-family: 'Times New Roman','serif'; mso-ansi-language: LT;\">Bendrauti su mokyklos savivaldos grup\u0117mis (mokyklos taryba, mokini\u0173 taryba, ugdymo karjerai) ir kitomis suinteresuotomis institucijomis ar asmenimis vaiko gerov\u0117s klausimais;<\/span><\/li>\n<li><span style=\"font-size: 12.0pt; mso-bidi-font-size: 11.0pt; font-family: 'Times New Roman','serif'; mso-ansi-language: LT;\">Atsiradus krizinei situacijai, \u012fvertinti kriz\u0117s aplinkybes, parengti ir vykdyti kriz\u0117s valdymo plan\u0105.<\/span><\/li>\n<\/ol>\n<p><strong><span style=\"font-size: 12.0pt; mso-bidi-font-size: 11.0pt; font-family: 'Times New Roman','serif'; mso-ansi-language: LT;\">Vaiko gerov\u0117s komisija:<\/span><\/strong><\/p>\n<p>Komisijos pirminink\u0117: \u010ceslava Levanovi\u010d, direktor\u0117s pavaduotoja ugdymo reikalams.<\/p>\n<p>Komisijos pirminink\u0117s pavaduotoja: Maja Jar\u017einskien\u0117, socialin\u0117 pedagog\u0117.<\/p>\n<p>Komisijos sekretor\u0117: Violeta Dovda, pradini\u0173 klasi\u0173 mokytoja<\/p>\n<p>Komisijos nariai: sveikatos prie\u017ei\u016bros specialist\u0117 Nina \u0160ilkien\u0117, pradini\u0173 klasi\u0173 vyr. mokytoja Jadvyga Polonis, pradini\u0173 klasi\u0173 vyr. mokytoja Oksana Kondrackaja, rus\u0173 kalbos mokytoja Jelena Grigorjeva,&nbsp; logoped\u0117 Sviatlana Varonis.<\/p>\n<p>&nbsp;<\/p>\n","protected":false},"excerpt":{"rendered":"<p>Vaiko gerov\u0117s komisijos veiklos programa 2025-2026 m.m. Vaiko gerov\u0117s komisijos veikla (informacinis lankstinukas) Vaiko gerov\u0117s komisijos tikslas: Teikti kvalifikuot\u0105 pagalb\u0105 vaikui ir jo t\u0117vams (teis\u0117tiems vaiko atstovams), sprend\u017eiant vaik\u0173 ugdymo, elgesio, lankomumo, saugumo u\u017etikrinimo ir kitais klausimais. Vaiko gerov\u0117s komisijos u\u017edaviniai: Analizuoti ir parinkti tinkamus pagalbos budus, mokini\u0173 elgesio taisykli\u0173 pa\u017eeidimams, smurto, paty\u010di\u0173, \u017ealing\u0173 \u012fpro\u010di\u0173, [&hellip;]<\/p>\n","protected":false},"author":1,"featured_media":0,"parent":1705,"menu_order":3,"comment_status":"closed","ping_status":"closed","template":"","meta":{"ngg_post_thumbnail":0},"_links":{"self":[{"href":"http:\/\/www.santarves.salcininkai.lm.lt\/index.php?rest_route=\/wp\/v2\/pages\/1710"}],"collection":[{"href":"http:\/\/www.santarves.salcininkai.lm.lt\/index.php?rest_route=\/wp\/v2\/pages"}],"about":[{"href":"http:\/\/www.santarves.salcininkai.lm.lt\/index.php?rest_route=\/wp\/v2\/types\/page"}],"author":[{"embeddable":true,"href":"http:\/\/www.santarves.salcininkai.lm.lt\/index.php?rest_route=\/wp\/v2\/users\/1"}],"replies":[{"embeddable":true,"href":"http:\/\/www.santarves.salcininkai.lm.lt\/index.php?rest_route=%2Fwp%2Fv2%2Fcomments&post=1710"}],"version-history":[{"count":21,"href":"http:\/\/www.santarves.salcininkai.lm.lt\/index.php?rest_route=\/wp\/v2\/pages\/1710\/revisions"}],"predecessor-version":[{"id":8289,"href":"http:\/\/www.santarves.salcininkai.lm.lt\/index.php?rest_route=\/wp\/v2\/pages\/1710\/revisions\/8289"}],"up":[{"embeddable":true,"href":"http:\/\/www.santarves.salcininkai.lm.lt\/index.php?rest_route=\/wp\/v2\/pages\/1705"}],"wp:attachment":[{"href":"http:\/\/www.santarves.salcininkai.lm.lt\/index.php?rest_route=%2Fwp%2Fv2%2Fmedia&parent=1710"}],"curies":[{"name":"wp","href":"https:\/\/api.w.org\/{rel}","templated":true}]}}