{"id":1720,"date":"2015-05-13T17:12:15","date_gmt":"2015-05-13T15:12:15","guid":{"rendered":"http:\/\/www.santarves.salcininkai.lm.lt\/?page_id=1720"},"modified":"2015-05-13T17:12:15","modified_gmt":"2015-05-13T15:12:15","slug":"teises-ir-pareigos","status":"publish","type":"page","link":"http:\/\/www.santarves.salcininkai.lm.lt\/?page_id=1720","title":{"rendered":"Teis\u0117s ir pareigos"},"content":{"rendered":"<h1 align=\"center\" style=\"text-align:center\"><span style=\"font-size:12px;\">T\u0116V\u0172 TEIS\u0116S IR PAREIGOS<\/span><\/h1>\n<h3><span style=\"font-size:14px;\">T\u0117v\u0173 (glob\u0117j\u0173, r\u016bpintoj\u0173) teis\u0117s<\/span><\/h3>\n<p class=\"MsoNormal\" style=\"margin-top:6.0pt;mso-margin-bottom-alt:auto;\nmargin-left:35.7pt;text-align:justify;text-indent:-17.85pt;mso-list:l0 level1 lfo1;\ntab-stops:list 36.0pt\"><span style=\"font-size:14px;\">1.<span style=\"font-family: &quot;Times New Roman&quot;; font-style: normal; font-weight: normal; line-height: normal; font-size-adjust: none; font-stretch: normal; font-feature-settings: normal; font-language-override: normal; font-kerning: auto; font-synthesis: weight style; font-variant: normal;\">&nbsp;&nbsp;&nbsp;&nbsp; <\/span>Teis\u0117 gauti informacij\u0105 apie savivaldyb\u0117je veikian\u010dias mokyklas, &scaron;vietimo programas, mokymo formas. I&scaron; mokyklos jie turi gauti informacij\u0105 apie vaiko ugdym\u0105: kaip jam sekasi mokytis, kokie \u012fvertinimai, sunkumai, koks jo elgesys, ar jis nepraleidin\u0117ja pamok\u0173.<\/span><\/p>\n<p class=\"MsoNormal\" style=\"margin-top:6.0pt;mso-margin-bottom-alt:auto;\nmargin-left:35.7pt;text-align:justify;text-indent:-17.85pt;mso-list:l0 level1 lfo1;\ntab-stops:list 36.0pt\"><span style=\"font-size:14px;\">2.<span style=\"font-family: &quot;Times New Roman&quot;; font-style: normal; font-weight: normal; line-height: normal; font-size-adjust: none; font-stretch: normal; font-feature-settings: normal; font-language-override: normal; font-kerning: auto; font-synthesis: weight style; font-variant: normal;\">&nbsp;&nbsp;&nbsp;&nbsp; <\/span>Teis\u0117 parinkti vaikui (ar dalyvauti parenkant) ugdymo program\u0105, form\u0105, mokykl\u0105.<\/span><\/p>\n<p class=\"MsoNormal\" style=\"margin-top:6.0pt;mso-margin-bottom-alt:auto;\nmargin-left:35.7pt;text-align:justify;text-indent:-17.85pt;mso-list:l0 level1 lfo1;\ntab-stops:list 36.0pt\"><span style=\"font-size:14px;\">3.<span style=\"font-family: &quot;Times New Roman&quot;; font-style: normal; font-weight: normal; line-height: normal; font-size-adjust: none; font-stretch: normal; font-feature-settings: normal; font-language-override: normal; font-kerning: auto; font-synthesis: weight style; font-variant: normal;\">&nbsp;&nbsp;&nbsp;&nbsp; <\/span>Teis\u0117 \u012f savivald\u0105. Mokini\u0173 t\u0117vai gali burtis \u012f \u012fvairias asociacijas, s\u0105jungas ar kitas organizacijas. Dalyvauti mokyklos vaiko gerov\u0117s komisijoje, mokyklos tarybos veikloje.<\/span><\/p>\n<p class=\"MsoNormal\" style=\"margin-top:6.0pt;mso-margin-bottom-alt:auto;\nmargin-left:35.7pt;text-align:justify;text-indent:-17.85pt;mso-list:l0 level1 lfo1;\ntab-stops:list 36.0pt\"><span style=\"font-size:14px;\">4.<span style=\"font-family: &quot;Times New Roman&quot;; font-style: normal; font-weight: normal; line-height: normal; font-size-adjust: none; font-stretch: normal; font-feature-settings: normal; font-language-override: normal; font-kerning: auto; font-synthesis: weight style; font-variant: normal;\">&nbsp;&nbsp;&nbsp;&nbsp; <\/span>Teis\u0117 reikalauti, kad vaikui b\u016bt\u0173 teikiamas geros kokyb\u0117s ugdymas.<\/span><\/p>\n<p class=\"MsoNormal\" style=\"margin-top:6.0pt;mso-margin-bottom-alt:auto;\nmargin-left:35.7pt;text-align:justify;text-indent:-17.85pt;mso-list:l0 level1 lfo1;\ntab-stops:list 36.0pt\"><span style=\"font-size:14px;\">5.<span style=\"font-family: &quot;Times New Roman&quot;; font-style: normal; font-weight: normal; line-height: normal; font-size-adjust: none; font-stretch: normal; font-feature-settings: normal; font-language-override: normal; font-kerning: auto; font-synthesis: weight style; font-variant: normal;\">&nbsp;&nbsp;&nbsp;&nbsp; <\/span>Teis\u0117 \u012f pirm\u0105j\u0105 klas\u0119 leisti &scaron;e&scaron;iamet\u012f, jei jis yra pakankamai subrend\u0119s mokyklai. Brand\u0105 nustato savivaldyb\u0117s pedagogin\u0117 psichologin\u0117 tarnyba.<\/span><\/p>\n<h3 style=\"text-align:justify\"><span style=\"font-size:14px;\">T\u0117v\u0173 (glob\u0117j\u0173, r\u016bpintoj\u0173) pareigos<\/span><\/h3>\n<p class=\"MsoNormal\" style=\"margin-top:6.0pt;mso-margin-bottom-alt:auto;\nmargin-left:35.7pt;text-align:justify;text-indent:-17.85pt;mso-list:l1 level1 lfo2;\ntab-stops:list 36.0pt\"><span style=\"font-size:14px;\">1.<span style=\"font-family: &quot;Times New Roman&quot;; font-style: normal; font-weight: normal; line-height: normal; font-size-adjust: none; font-stretch: normal; font-feature-settings: normal; font-language-override: normal; font-kerning: auto; font-synthesis: weight style; font-variant: normal;\">&nbsp;&nbsp;&nbsp;&nbsp; <\/span>Pareiga, r\u016bpintis, kad vaikas mokyt\u0173si, reguliariai lankyt\u0173 mokykl\u0105, nev\u0117luot\u0173 \u012f pamokas. Jeigu vaikas negali atvykti \u012f mokykl\u0105, t\u0117vai nedelsdami turi informuoti mokykl\u0105.<\/span><\/p>\n<p class=\"MsoNormal\" style=\"margin-top:6.0pt;mso-margin-bottom-alt:auto;\nmargin-left:35.7pt;text-align:justify;text-indent:-17.85pt;mso-list:l1 level1 lfo2;\ntab-stops:list 36.0pt\"><span style=\"font-size:14px;\">2.<span style=\"font-family: &quot;Times New Roman&quot;; font-style: normal; font-weight: normal; line-height: normal; font-size-adjust: none; font-stretch: normal; font-feature-settings: normal; font-language-override: normal; font-kerning: auto; font-synthesis: weight style; font-variant: normal;\">&nbsp;&nbsp;&nbsp;&nbsp; <\/span>Pareiga vaikams iki 14 met\u0173 parinkti dorinio ugdymo, tai yra tikybos arba etikos program\u0105.<\/span><\/p>\n<p class=\"MsoNormal\" style=\"margin-top:6.0pt;mso-margin-bottom-alt:auto;\nmargin-left:35.7pt;text-align:justify;text-indent:-17.85pt;mso-list:l1 level1 lfo2;\ntab-stops:list 36.0pt\"><span style=\"font-size:14px;\">3.<span style=\"font-family: &quot;Times New Roman&quot;; font-style: normal; font-weight: normal; line-height: normal; font-size-adjust: none; font-stretch: normal; font-feature-settings: normal; font-language-override: normal; font-kerning: auto; font-synthesis: weight style; font-variant: normal;\">&nbsp;&nbsp;&nbsp;&nbsp; <\/span>Pareiga sudaryti vaikui sveikas ir saugias gyvenimo s\u0105lygas, gerbti vaiko asmenyb\u0119, apsaugoti nuo smurto, prievartos ir i&scaron;naudojimo.<\/span><\/p>\n<p class=\"MsoNormal\" style=\"margin-top:6.0pt;mso-margin-bottom-alt:auto;\nmargin-left:35.7pt;text-align:justify;text-indent:-17.85pt;mso-list:l1 level1 lfo2;\ntab-stops:list 36.0pt\"><span style=\"font-size:14px;\">4.<span style=\"font-family: &quot;Times New Roman&quot;; font-style: normal; font-weight: normal; line-height: normal; font-size-adjust: none; font-stretch: normal; font-feature-settings: normal; font-language-override: normal; font-kerning: auto; font-synthesis: weight style; font-variant: normal;\">&nbsp;&nbsp;&nbsp;&nbsp; <\/span>Pareiga bendradarbiauti su mokykla: mokyklos vadovu, mokytojais, kitais specialistais, teikian\u010diais speciali\u0105j\u0105, psichologin\u0119, socialin\u0119 pedagogin\u0119 pagalb\u0105. T\u0117vai turi dalyvauti parenkant vaikui, turin\u010diam speciali\u0173j\u0173 ugdymosi poreiki\u0173, ugdymo program\u0105 ir mokykl\u0105.<\/span><\/p>\n<p class=\"MsoNormal\" style=\"margin-top:6.0pt;mso-margin-bottom-alt:auto;\nmargin-left:35.7pt;text-align:justify;text-indent:-17.85pt;mso-list:l1 level1 lfo2;\ntab-stops:list 36.0pt\"><span style=\"font-size:14px;\">5.<span style=\"font-family: &quot;Times New Roman&quot;; font-style: normal; font-weight: normal; line-height: normal; font-size-adjust: none; font-stretch: normal; font-feature-settings: normal; font-language-override: normal; font-kerning: auto; font-synthesis: weight style; font-variant: normal;\">&nbsp;&nbsp;&nbsp;&nbsp; <\/span>Pareiga u\u017etikrinti, kad vaikas laiku pasitikrint\u0173 sveikat\u0105. Sveikatos pa\u017eym\u0117jimus mokyklai reikia pateikti kasmet iki rugs\u0117jo 15 d.<\/span><\/p>\n<p class=\"MsoNormal\" style=\"margin-top:6.0pt;mso-margin-bottom-alt:auto;\nmargin-left:35.7pt;text-align:justify;text-indent:-17.85pt;mso-list:l1 level1 lfo2;\ntab-stops:list 36.0pt\"><span style=\"font-size:14px;\">6.<span style=\"font-family: &quot;Times New Roman&quot;; font-style: normal; font-weight: normal; line-height: normal; font-size-adjust: none; font-stretch: normal; font-feature-settings: normal; font-language-override: normal; font-kerning: auto; font-synthesis: weight style; font-variant: normal;\">&nbsp;&nbsp;&nbsp;&nbsp; <\/span>Pareiga ugdyti vaiko vertybines nuostatas, kontroliuoti ir, jei reikia, koreguoti vaiko elges\u012f.<\/span><\/p>\n","protected":false},"excerpt":{"rendered":"<p>T\u0116V\u0172 TEIS\u0116S IR PAREIGOS T\u0117v\u0173 (glob\u0117j\u0173, r\u016bpintoj\u0173) teis\u0117s 1.&nbsp;&nbsp;&nbsp;&nbsp; Teis\u0117 gauti informacij\u0105 apie savivaldyb\u0117je veikian\u010dias mokyklas, &scaron;vietimo programas, mokymo formas. I&scaron; mokyklos jie turi gauti informacij\u0105 apie vaiko ugdym\u0105: kaip jam sekasi mokytis, kokie \u012fvertinimai, sunkumai, koks jo elgesys, ar jis nepraleidin\u0117ja pamok\u0173. 2.&nbsp;&nbsp;&nbsp;&nbsp; Teis\u0117 parinkti vaikui (ar dalyvauti parenkant) ugdymo program\u0105, form\u0105, mokykl\u0105. 3.&nbsp;&nbsp;&nbsp;&nbsp; [&hellip;]<\/p>\n","protected":false},"author":1,"featured_media":0,"parent":1715,"menu_order":1,"comment_status":"closed","ping_status":"closed","template":"","meta":{"ngg_post_thumbnail":0},"_links":{"self":[{"href":"http:\/\/www.santarves.salcininkai.lm.lt\/index.php?rest_route=\/wp\/v2\/pages\/1720"}],"collection":[{"href":"http:\/\/www.santarves.salcininkai.lm.lt\/index.php?rest_route=\/wp\/v2\/pages"}],"about":[{"href":"http:\/\/www.santarves.salcininkai.lm.lt\/index.php?rest_route=\/wp\/v2\/types\/page"}],"author":[{"embeddable":true,"href":"http:\/\/www.santarves.salcininkai.lm.lt\/index.php?rest_route=\/wp\/v2\/users\/1"}],"replies":[{"embeddable":true,"href":"http:\/\/www.santarves.salcininkai.lm.lt\/index.php?rest_route=%2Fwp%2Fv2%2Fcomments&post=1720"}],"version-history":[{"count":1,"href":"http:\/\/www.santarves.salcininkai.lm.lt\/index.php?rest_route=\/wp\/v2\/pages\/1720\/revisions"}],"predecessor-version":[{"id":1721,"href":"http:\/\/www.santarves.salcininkai.lm.lt\/index.php?rest_route=\/wp\/v2\/pages\/1720\/revisions\/1721"}],"up":[{"embeddable":true,"href":"http:\/\/www.santarves.salcininkai.lm.lt\/index.php?rest_route=\/wp\/v2\/pages\/1715"}],"wp:attachment":[{"href":"http:\/\/www.santarves.salcininkai.lm.lt\/index.php?rest_route=%2Fwp%2Fv2%2Fmedia&parent=1720"}],"curies":[{"name":"wp","href":"https:\/\/api.w.org\/{rel}","templated":true}]}}