{"id":1726,"date":"2015-05-13T17:28:12","date_gmt":"2015-05-13T15:28:12","guid":{"rendered":"http:\/\/www.santarves.salcininkai.lm.lt\/?page_id=1726"},"modified":"2025-09-29T13:26:38","modified_gmt":"2025-09-29T11:26:38","slug":"standartizuoti-testai","status":"publish","type":"page","link":"http:\/\/www.santarves.salcininkai.lm.lt\/?page_id=1726","title":{"rendered":"NMPP"},"content":{"rendered":"<p><strong>NACIONALINIS MOKINI\u0172 PASIEKIM\u0172 PATIKRINIMAS<\/strong><\/p>\n<p><strong>NMPP paskirtis<\/strong> \u2013 suteikti \u0161vietimo dalyviams gr\u012f\u017etamojo ry\u0161io informacijos apie mokini\u0173 mokymosi rezultatus. \u0160i informacija reikalinga priimti sprendimus, kaip toliau gal\u0117t\u0173 b\u016bti tobulinamas mokymas ir mokymasis mokinio, mokytojo, klas\u0117s, mokyklos.<\/p>\n<p class=\"MsoNormal\" style=\"line-height: 116%; text-align: justify;\"><a href=\"https:\/\/www.nsa.smm.lt\/stebesenos-ir-vertinimo-departamentas\/pasiekimu-patikrinimai\/nmpp\/\"><span style=\"line-height: 13.920000076293945px;\">Daugiau informacijos N\u0160A svetain\u0117je<\/span><\/a><\/p>\n\n\n<p><a href=\"http:\/\/www.santarves.salcininkai.lm.lt\/wp-content\/uploads\/2025\/09\/Mokymosi-pagalbos-teikimo-tvarka.pdf\">MOKYMOSI PAGALBOS TEIKIMO \u0160AL\u010cININK\u0172 RAJONO SAVIVALDYB\u0116S MOKYKL\u0172 MOKINIAMS, NEPASIEKUSIEMS PATENKINAMO PASIEKIM\u0172 LYGMENS PASIEKIM\u0172 PATIKRINIMUOSE, TVARKOS APRA\u0160AS<\/a><\/p>\n","protected":false},"excerpt":{"rendered":"<p>NACIONALINIS MOKINI\u0172 PASIEKIM\u0172 PATIKRINIMAS NMPP paskirtis \u2013 suteikti \u0161vietimo dalyviams gr\u012f\u017etamojo ry\u0161io informacijos apie mokini\u0173 mokymosi rezultatus. \u0160i informacija reikalinga priimti sprendimus, kaip toliau gal\u0117t\u0173 b\u016bti tobulinamas mokymas ir mokymasis mokinio, mokytojo, klas\u0117s, mokyklos. Daugiau informacijos N\u0160A svetain\u0117je MOKYMOSI PAGALBOS TEIKIMO \u0160AL\u010cININK\u0172 RAJONO SAVIVALDYB\u0116S MOKYKL\u0172 MOKINIAMS, NEPASIEKUSIEMS PATENKINAMO PASIEKIM\u0172 LYGMENS PASIEKIM\u0172 PATIKRINIMUOSE, TVARKOS APRA\u0160AS<\/p>\n","protected":false},"author":1,"featured_media":0,"parent":1715,"menu_order":3,"comment_status":"closed","ping_status":"closed","template":"","meta":{"ngg_post_thumbnail":0},"_links":{"self":[{"href":"http:\/\/www.santarves.salcininkai.lm.lt\/index.php?rest_route=\/wp\/v2\/pages\/1726"}],"collection":[{"href":"http:\/\/www.santarves.salcininkai.lm.lt\/index.php?rest_route=\/wp\/v2\/pages"}],"about":[{"href":"http:\/\/www.santarves.salcininkai.lm.lt\/index.php?rest_route=\/wp\/v2\/types\/page"}],"author":[{"embeddable":true,"href":"http:\/\/www.santarves.salcininkai.lm.lt\/index.php?rest_route=\/wp\/v2\/users\/1"}],"replies":[{"embeddable":true,"href":"http:\/\/www.santarves.salcininkai.lm.lt\/index.php?rest_route=%2Fwp%2Fv2%2Fcomments&post=1726"}],"version-history":[{"count":7,"href":"http:\/\/www.santarves.salcininkai.lm.lt\/index.php?rest_route=\/wp\/v2\/pages\/1726\/revisions"}],"predecessor-version":[{"id":7598,"href":"http:\/\/www.santarves.salcininkai.lm.lt\/index.php?rest_route=\/wp\/v2\/pages\/1726\/revisions\/7598"}],"up":[{"embeddable":true,"href":"http:\/\/www.santarves.salcininkai.lm.lt\/index.php?rest_route=\/wp\/v2\/pages\/1715"}],"wp:attachment":[{"href":"http:\/\/www.santarves.salcininkai.lm.lt\/index.php?rest_route=%2Fwp%2Fv2%2Fmedia&parent=1726"}],"curies":[{"name":"wp","href":"https:\/\/api.w.org\/{rel}","templated":true}]}}