{"id":1771,"date":"2015-05-18T18:26:09","date_gmt":"2015-05-18T16:26:09","guid":{"rendered":"http:\/\/www.santarves.salcininkai.lm.lt\/?page_id=1771"},"modified":"2026-03-04T17:04:12","modified_gmt":"2026-03-04T15:04:12","slug":"priemimo-tvarka","status":"publish","type":"page","link":"http:\/\/www.santarves.salcininkai.lm.lt\/?page_id=1771","title":{"rendered":"Mokini\u0173 pri\u0117mimas"},"content":{"rendered":"\n<p class=\"has-text-align-center\"><strong>ASMEN\u0172 PRI\u0116MIMAS \u012e \u0160AL\u010cININK\u0172 \u201eSANTARV\u0116S\u201c GIMNAZIJ\u0104 2026-2027 MOKSLO METAMS<\/strong><\/p>\n\n\n\n<div class=\"is-layout-flex wp-container-3 wp-block-columns\">\n<div class=\"is-layout-flow wp-block-column\">\n<figure class=\"wp-block-image size-full\"><a href=\"http:\/\/www.santarves.salcininkai.lm.lt\/wp-content\/uploads\/2026\/03\/Kvietimas_1-1.jpg\"><img decoding=\"async\" loading=\"lazy\" width=\"478\" height=\"670\" src=\"http:\/\/www.santarves.salcininkai.lm.lt\/wp-content\/uploads\/2026\/03\/Kvietimas_1-1.jpg\" alt=\"\" class=\"wp-image-8134\" srcset=\"http:\/\/www.santarves.salcininkai.lm.lt\/wp-content\/uploads\/2026\/03\/Kvietimas_1-1.jpg 478w, http:\/\/www.santarves.salcininkai.lm.lt\/wp-content\/uploads\/2026\/03\/Kvietimas_1-1-214x300.jpg 214w\" sizes=\"(max-width: 478px) 100vw, 478px\" \/><\/a><\/figure>\n<\/div>\n\n\n\n<div class=\"is-layout-flow wp-block-column\">\n<figure class=\"wp-block-image size-large\"><a href=\"http:\/\/www.santarves.salcininkai.lm.lt\/wp-content\/uploads\/2026\/03\/Kvietimas_2-1.jpg\"><img decoding=\"async\" loading=\"lazy\" width=\"724\" height=\"1024\" src=\"http:\/\/www.santarves.salcininkai.lm.lt\/wp-content\/uploads\/2026\/03\/Kvietimas_2-1-724x1024.jpg\" alt=\"\" class=\"wp-image-8135\" srcset=\"http:\/\/www.santarves.salcininkai.lm.lt\/wp-content\/uploads\/2026\/03\/Kvietimas_2-1-724x1024.jpg 724w, http:\/\/www.santarves.salcininkai.lm.lt\/wp-content\/uploads\/2026\/03\/Kvietimas_2-1-212x300.jpg 212w, http:\/\/www.santarves.salcininkai.lm.lt\/wp-content\/uploads\/2026\/03\/Kvietimas_2-1-768x1086.jpg 768w, http:\/\/www.santarves.salcininkai.lm.lt\/wp-content\/uploads\/2026\/03\/Kvietimas_2-1-1086x1536.jpg 1086w, http:\/\/www.santarves.salcininkai.lm.lt\/wp-content\/uploads\/2026\/03\/Kvietimas_2-1-1448x2048.jpg 1448w, http:\/\/www.santarves.salcininkai.lm.lt\/wp-content\/uploads\/2026\/03\/Kvietimas_2-1.jpg 1587w\" sizes=\"(max-width: 724px) 100vw, 724px\" \/><\/a><\/figure>\n<\/div>\n<\/div>\n\n\n\n<p><strong>Pri\u0117mimas vyksta \u012f:<\/strong><\/p>\n\n\n\n<ul>\n<li>prie\u0161mokyklinio\/ikimokyklinio ugdymo grup\u0119;<\/li>\n<\/ul>\n\n\n\n<ul>\n<li>pradinio ugdymo klases;<\/li>\n\n\n\n<li>pagrindinio ugdymo klases;<\/li>\n\n\n\n<li>vidurinio ugdymo klases;<\/li>\n\n\n\n<li>suaugusi\u0173j\u0173 vidurinio ugdymo klases (nuo 18 met\u0173).<\/li>\n<\/ul>\n\n\n\n<p>Pra\u0161ymai lankyti gimnazij\u0105 priimami ir registruojami <strong>elektroniniu b\u016bdu arba ra\u0161tu<\/strong>.&nbsp;<\/p>\n\n\n\n<p>Pagrindinis pra\u0161ym\u0173 pri\u0117mimas 2026-2027 mokslo metams vyks <strong>nuo kovo 1 d. iki baland\u017eio 30 d. elektroniniu b\u016bdu per Centralizuot\u0105 pra\u0161ym\u0173 pateikimo ir gyventoj\u0173 informavimo informacin\u0119 sistem\u0105 (IS) <\/strong>adresu <a href=\"http:\/\/svietimas.salcininkai.lt\/\">http:\/\/svietimas.salcininkai.lt\/<\/a> arba per Elektronini\u0173 vald\u017eios vart\u0173 portal\u0105 \u2013 <a href=\"http:\/\/www.epaslaugos.lt\">www.epaslaugos.lt<\/a>, <strong>arba atvykus \u012f gimnazij\u0105 pra\u0161ymas teikiamas ra\u0161tu<\/strong>.<\/p>\n\n\n\n<p><em><strong>Nepavykus u\u017epildyti elektroninio pra\u0161ymo formos, pra\u0161ome kreiptis \u012f gimnazijos administracij\u0105 adresu Vytauto g. 35, LT-17106, \u0160al\u010dininkai.<\/strong><\/em><\/p>\n\n\n\n<p>Papildoma informacija teikiama tel. +37038052878 arba el. pa\u0161tu <a href=\"mailto:santarves.mokykla@gmail.com\">santarves.mokykla@gmail.com<\/a>.<\/p>\n\n\n\n<p>Po pagrindinio pra\u0161ym\u0173 pri\u0117mimo vyks pavienis pra\u0161ym\u0173 pri\u0117mimas \u012f laisvas vietas grup\u0117se\/klas\u0117se.<\/p>\n\n\n\n<p class=\"has-text-align-center\">&#8212;&#8212;&#8212;&#8212;&#8212;&#8212;&#8212;&#8212;&#8212;&#8212;&#8212;&#8212;&#8212;&#8212;-<\/p>\n\n\n\n<p><strong>LAISVOS VIETOS KLAS\u0116SE\/GRUP\u0116SE:<\/strong><\/p>\n\n\n\n<p>Prie\u0161mokyklinio\/ikimokyklinio ugdymo grup\u0117 \u2013 12 viet\u0173<\/p>\n\n\n\n<p>1 klas\u0117 \u2013 13 viet\u0173<\/p>\n\n\n\n<p>2 klas\u0117 \u2013\u00a015 viet\u0173<\/p>\n\n\n\n<p>3 klas\u0117 \u2013 17 viet\u0173<\/p>\n\n\n\n<p>4 klas\u0117 \u2013 17 viet\u0173<\/p>\n\n\n\n<p>5 klas\u0117 \u2013 20 viet\u0173<\/p>\n\n\n\n<p>6 klas\u0117 \u2013 13 viet\u0173<\/p>\n\n\n\n<p>7 klas\u0117 \u2013 13 viet\u0173<\/p>\n\n\n\n<p>8 klas\u0117 \u2013 14 viet\u0173<\/p>\n\n\n\n<p>IG klas\u0117 \u2013 15 viet\u0173<\/p>\n\n\n\n<p>IIG klas\u0117 \u2013 15 viet\u0173<\/p>\n\n\n\n<p>IIIG klas\u0117 \u2013 12 viet\u0173<\/p>\n\n\n\n<p>IVG klas\u0117 \u2013 12 vietos<\/p>\n\n\n\n<p>IIIG suaug. klas\u0117 \u2013 24 vietos<\/p>\n\n\n\n<p>IVG suaug. klas\u0117 &#8211; 24 vietos<\/p>\n\n\n\n<p class=\"has-text-align-center\">&#8212;&#8212;&#8212;&#8212;&#8212;&#8212;&#8212;&#8212;&#8212;&#8212;&#8212;&#8212;&#8212;-<\/p>\n\n\n<p><a href=\"http:\/\/www.santarves.salcininkai.lm.lt\/wp-content\/uploads\/2022\/02\/tvarkos-aprasas.docx\">CENTRALIZUOTO VAIK\u0172 IR MOKINI\u0172 PRI\u0116MIMO \u012e \u0160AL\u010cININK\u0172 RAJONO SAVIVALDYB\u0116S \u0160VIETIMO \u012eSTAIGAS TVARKOS APRA\u0160AS<\/a><\/p>\n<p><a href=\"http:\/\/www.santarves.salcininkai.lm.lt\/wp-content\/uploads\/2022\/02\/2-priedas.docx\">PRA\u0160YMAS D\u0116L VAIKO PRI\u0116MIMO \u012e \u0160AL\u010cININK\u0172 RAJONO SAVIVALDYB\u0116S BENDROJO UGDYMO MOKYKLAS<\/a><\/p>\n<p><a href=\"http:\/\/www.santarves.salcininkai.lm.lt\/wp-content\/uploads\/2022\/02\/5-priedas.docx\">PRA\u0160YMAS D\u0116L PRI\u0116MIMO \u012e \u0160AL\u010cININK\u0172 RAJONO SAVIVALDYB\u0116S BENDROJO UGDYMO MOKYKLOS SUAUGUSI\u0172J\u0172 KLAS\u0118<\/a><\/p>\n\n\n<hr class=\"wp-block-separator has-css-opacity\"\/>\n\n\n\n<p><strong>Informacija<\/strong> (2021-12-14)<\/p>\n\n\n\n<p>Nuo 2022 met\u0173 \u0160al\u010dinink\u0173 rajono savivaldyb\u0117je bus organizuojamas centralizuotas vaik\u0173 ir mokini\u0173 pri\u0117mimas \u012f vis\u0173 tip\u0173 \u0161vietimo \u012fstaigas. Vaik\u0173 pri\u0117mimas \u012f savivaldyb\u0117s biud\u017eetini\u0173 \u012fstaig\u0173 ikimokyklinio, prie\u0161mokyklinio ugdymo grupes, mokini\u0173 pri\u0117mimas \u012f bendrojo ugdymo ir neformaliojo \u0161vietimo mokyklas bus vykdomas informacin\u0117s sistemos pagrindu. Informacin\u0117s sistemos diegimo i\u0161laidos apmokamos projekto Nr. 10.1.3-ESFA-R-920-01-0011&nbsp;\u201ePaslaug\u0173 ir asmen\u0173 aptarnavimo kokyb\u0117s gerinimas \u0160al\u010dinink\u0173 rajono savivaldyb\u0117je\u201c l\u0117\u0161omis. Daugiau informacijos apie projekt\u0105 \u010dia: <a rel=\"noreferrer noopener\" href=\"https:\/\/www.salcininkai.lt\/skelbimai\/397\/pasirasyta-finansavimo-sutartis-del-projekto-paslaugu-ir-asmenu-aptarnavimo-kokybes-gerinimas-salcininku-rajono-savivaldybeje:8849\" target=\"_blank\">https:\/\/www.salcininkai.lt\/skelbimai\/397\/pasirasyta-finansavimo-sutartis-del-projekto-paslaugu-ir-asmenu-aptarnavimo-kokybes-gerinimas-salcininku-rajono-savivaldybeje:8849<\/a><br>\u0160iuo metu yra ruo\u0161iamas Centralizuoto vaik\u0173 ir mokini\u0173 pri\u0117mimo \u012f \u0160al\u010dinink\u0173 rajono savivaldyb\u0117s \u0161vietimo \u012fstaigas tvarkos apra\u0161as, kur\u012f tvirtins \u0160al\u010dinink\u0173 rajono savivaldyb\u0117s taryba. Po patvirtinimo apra\u0161as bus paskelbtas vie\u0161ai, su juo bus supa\u017eindinti vaik\u0173 ir mokini\u0173 t\u0117vai.<\/p>\n\n\n\n<p><\/p>\n\n\n\n<hr class=\"wp-block-separator has-css-opacity\"\/>\n\n\n\n<h4><\/h4>\n","protected":false},"excerpt":{"rendered":"<p>ASMEN\u0172 PRI\u0116MIMAS \u012e \u0160AL\u010cININK\u0172 \u201eSANTARV\u0116S\u201c GIMNAZIJ\u0104 2026-2027 MOKSLO METAMS Pri\u0117mimas vyksta \u012f: Pra\u0161ymai lankyti gimnazij\u0105 priimami ir registruojami elektroniniu b\u016bdu arba ra\u0161tu.&nbsp; Pagrindinis pra\u0161ym\u0173 pri\u0117mimas 2026-2027 mokslo metams vyks nuo kovo 1 d. iki baland\u017eio 30 d. elektroniniu b\u016bdu per Centralizuot\u0105 pra\u0161ym\u0173 pateikimo ir gyventoj\u0173 informavimo informacin\u0119 sistem\u0105 (IS) adresu http:\/\/svietimas.salcininkai.lt\/ arba per Elektronini\u0173 vald\u017eios [&hellip;]<\/p>\n","protected":false},"author":1,"featured_media":0,"parent":0,"menu_order":10,"comment_status":"closed","ping_status":"closed","template":"","meta":{"ngg_post_thumbnail":0},"_links":{"self":[{"href":"http:\/\/www.santarves.salcininkai.lm.lt\/index.php?rest_route=\/wp\/v2\/pages\/1771"}],"collection":[{"href":"http:\/\/www.santarves.salcininkai.lm.lt\/index.php?rest_route=\/wp\/v2\/pages"}],"about":[{"href":"http:\/\/www.santarves.salcininkai.lm.lt\/index.php?rest_route=\/wp\/v2\/types\/page"}],"author":[{"embeddable":true,"href":"http:\/\/www.santarves.salcininkai.lm.lt\/index.php?rest_route=\/wp\/v2\/users\/1"}],"replies":[{"embeddable":true,"href":"http:\/\/www.santarves.salcininkai.lm.lt\/index.php?rest_route=%2Fwp%2Fv2%2Fcomments&post=1771"}],"version-history":[{"count":30,"href":"http:\/\/www.santarves.salcininkai.lm.lt\/index.php?rest_route=\/wp\/v2\/pages\/1771\/revisions"}],"predecessor-version":[{"id":8137,"href":"http:\/\/www.santarves.salcininkai.lm.lt\/index.php?rest_route=\/wp\/v2\/pages\/1771\/revisions\/8137"}],"wp:attachment":[{"href":"http:\/\/www.santarves.salcininkai.lm.lt\/index.php?rest_route=%2Fwp%2Fv2%2Fmedia&parent=1771"}],"curies":[{"name":"wp","href":"https:\/\/api.w.org\/{rel}","templated":true}]}}