{"id":2210,"date":"2016-02-09T22:24:15","date_gmt":"2016-02-09T20:24:15","guid":{"rendered":"http:\/\/www.santarves.salcininkai.lm.lt\/?page_id=2210"},"modified":"2025-09-28T20:04:17","modified_gmt":"2025-09-28T18:04:17","slug":"psichologas","status":"publish","type":"page","link":"http:\/\/www.santarves.salcininkai.lm.lt\/?page_id=2210","title":{"rendered":"Psichologas"},"content":{"rendered":"<p style=\"text-align: right;\"><span style=\"font-size: 10px;\"><em>Informacija atnaujinta 2025-09-25<\/em><\/span><\/p>\n<p>PSICHOLOGO ASISTENT\u0116<strong> Aksana Pavliukovich<\/strong><strong><br \/>\n<\/strong><\/p>\n<p>Psichologo asistent\u0117s veiklos planas 2025-2026 m.m.<\/p>\n<p>Kabinetas &#8211; II auk\u0161tas<\/p>\n<p><strong>Darbo laikas:<\/strong><\/p>\n<p>Pirmadienis: 8.00 &#8211; 12.30<\/p>\n<p>Antradienis: 8.00 &#8211; 16.00,&nbsp; piet\u0173 pertrauka 11.00-11.30&nbsp;<\/p>\n<p>Tre\u010diadienis: 8.00 &#8211; 16.00,&nbsp; piet\u0173 pertrauka 11.00-11.30<\/p>\n<p>Ketvirtadienis: 8.00 &#8211; 16.00,&nbsp; piet\u0173 pertrauka 11.00-11.30&nbsp;<\/p>\n<p align=\"center\">_______________________________________________________________________________________<\/p>\n<p align=\"center\"><strong>Mokykloje dirban\u010dio psichologo veiklos sritys:<\/strong><\/p>\n<p>Mokyklos psichologo pagalbos tikslas yra \u201estiprinti mokini\u0173 (vaik\u0173) psichologin\u012f atsparum\u0105 ir psichikos sveikat\u0105, prevencin\u0117mis priemon\u0117mis skatinti saugios ir palankios ugdymuisi aplinkos mokykloje k\u016brim\u0105, pad\u0117ti mokiniams (vaikams) atgauti dvasin\u0119 darn\u0105, geb\u0117jim\u0105 gyventi ir mokytis, aktyviai bendradarbiaujant su j\u0173 t\u0117vais (glob\u0117jais, r\u016bpintojais)\u201c 2.<\/p>\n<p align=\"center\"><strong>I. Konsultavimas<\/strong><\/p>\n<p>Tai \u201emokinio asmenyb\u0117s ir ugdymosi problem\u0173 nustatymas, tiesioginio poveikio b\u016bd\u0173 numatymas, darbas su mokiniu taikant psichologinio konsultavimo technikas, bendradarbiavimas su t\u0117vais (glob\u0117jais, r\u016bpintojais), mokytojais ir kitais su mokinio ugdymu susijusiais asmenimis, rekomendacij\u0173 jiems teikimas, j\u0173 konsultavimas\u201c 2.<\/p>\n<p>\u201ePagalba Mokykloje mokiniui teikiama, kai kreipiasi:<\/p>\n<ul>\n<li>mokinys (savaranki\u0161kai) (neturint 16 met\u0173, pra\u0161omas ra\u0161ti\u0161kas t\u0117v\u0173 sutikimas);<\/li>\n<li>mokinio t\u0117vai (glob\u0117jai, r\u016bpintojai);<\/li>\n<li>mokytojai, gav\u0119 mokinio t\u0117v\u0173 (glob\u0117j\u0173, r\u016bpintoj\u0173) sutikim\u0105;<\/li>\n<li>Vaiko teisi\u0173 apsaugos tarnyba.\u201d3<\/li>\n<\/ul>\n<p align=\"center\"><strong>II. Psichologinis \u012fvertinimas<\/strong><\/p>\n<p>Tai \u201emokinio asmenyb\u0117s ir ugdymosi problem\u0173, gali\u0173 ir sunkum\u0173 nustatymas, psichologinis mokinio \u012fvertinimas atliekant pirmin\u012f speciali\u0173j\u0173 ugdymosi poreiki\u0173 vertinim\u0105\u201c4<\/p>\n<p align=\"center\"><strong>III. \u0160vietimas<\/strong><\/p>\n<p>Tai \u201emokini\u0173, t\u0117v\u0173 (glob\u0117j\u0173, r\u016bpintoj\u0173), mokytoj\u0173 \u0161vietimas vaiko raidos psichologijos, pedagogin\u0117s ir socialin\u0117s psichologijos klausimais\u201c5.<\/p>\n<p align=\"center\"><strong>IV. Psichologini\u0173 problem\u0173 prevencija<\/strong><\/p>\n<p>Tai \u201epsichologini\u0173 problem\u0173 prevencijos poreikio \u012fvertinimas (Mokyklos bendruomen\u0117s grupi\u0173 tyrimas), prevencini\u0173 priemoni\u0173 bei program\u0173 rengimas ir \u012fgyvendinimas, psichologini\u0173 krizi\u0173 prevencija, intervencija ir postvencija\u201c 6.<\/p>\n<p>&nbsp;<\/p>\n<p><em>1,2,3,4,5,6 <\/em><em>Psichologin\u0117s pagalbos teikimo tvarkos apra\u0161as, <\/em>patvirtintas Lietuvos Respublikos \u0161vietimo ir mokslo ministro 2011 m. liepos 5d. \u012fsakymu Nr. 1215.<\/p>\n<p><strong>Kokiais atvejais mokini\u0173 t\u0117vai gali kreiptis \u012f mokyklos psicholog\u0105?<\/strong><\/p>\n<ul>\n<li>Kai pakinta vaiko emocij\u0173 rai\u0161ka, elgesys, ir tai Jums kelia nerim\u0105.<\/li>\n<\/ul>\n<ul>\n<li>Kai \u0161eimoje ar vaiko asmeniniame gyvenime \u012fvyksta staig\u016bs poky\u010diai, vaikas su Jumis nenori dalintis i\u0161gyvenimais ir j\u016bs ne\u017einote kaip tokiu atveju elgtis.<\/li>\n<\/ul>\n<ul>\n<li>\u012evairiais gyvenimo atvejais, kai esate sutrik\u0119s ir ne\u017einote, kaip su vaiku kalb\u0117tis bei elgtis.<\/li>\n<\/ul>\n<p>&nbsp;<\/p>\n<p>&nbsp;<\/p>\n","protected":false},"excerpt":{"rendered":"<p>Informacija atnaujinta 2025-09-25 PSICHOLOGO ASISTENT\u0116 Aksana Pavliukovich Psichologo asistent\u0117s veiklos planas 2025-2026 m.m. Kabinetas &#8211; II auk\u0161tas Darbo laikas: Pirmadienis: 8.00 &#8211; 12.30 Antradienis: 8.00 &#8211; 16.00,&nbsp; piet\u0173 pertrauka 11.00-11.30&nbsp; Tre\u010diadienis: 8.00 &#8211; 16.00,&nbsp; piet\u0173 pertrauka 11.00-11.30 Ketvirtadienis: 8.00 &#8211; 16.00,&nbsp; piet\u0173 pertrauka 11.00-11.30&nbsp; _______________________________________________________________________________________ Mokykloje dirban\u010dio psichologo veiklos sritys: Mokyklos psichologo pagalbos tikslas yra [&hellip;]<\/p>\n","protected":false},"author":1,"featured_media":0,"parent":1705,"menu_order":3,"comment_status":"closed","ping_status":"closed","template":"","meta":{"ngg_post_thumbnail":0},"_links":{"self":[{"href":"http:\/\/www.santarves.salcininkai.lm.lt\/index.php?rest_route=\/wp\/v2\/pages\/2210"}],"collection":[{"href":"http:\/\/www.santarves.salcininkai.lm.lt\/index.php?rest_route=\/wp\/v2\/pages"}],"about":[{"href":"http:\/\/www.santarves.salcininkai.lm.lt\/index.php?rest_route=\/wp\/v2\/types\/page"}],"author":[{"embeddable":true,"href":"http:\/\/www.santarves.salcininkai.lm.lt\/index.php?rest_route=\/wp\/v2\/users\/1"}],"replies":[{"embeddable":true,"href":"http:\/\/www.santarves.salcininkai.lm.lt\/index.php?rest_route=%2Fwp%2Fv2%2Fcomments&post=2210"}],"version-history":[{"count":16,"href":"http:\/\/www.santarves.salcininkai.lm.lt\/index.php?rest_route=\/wp\/v2\/pages\/2210\/revisions"}],"predecessor-version":[{"id":7587,"href":"http:\/\/www.santarves.salcininkai.lm.lt\/index.php?rest_route=\/wp\/v2\/pages\/2210\/revisions\/7587"}],"up":[{"embeddable":true,"href":"http:\/\/www.santarves.salcininkai.lm.lt\/index.php?rest_route=\/wp\/v2\/pages\/1705"}],"wp:attachment":[{"href":"http:\/\/www.santarves.salcininkai.lm.lt\/index.php?rest_route=%2Fwp%2Fv2%2Fmedia&parent=2210"}],"curies":[{"name":"wp","href":"https:\/\/api.w.org\/{rel}","templated":true}]}}