{"id":29,"date":"2011-03-27T19:01:53","date_gmt":"2011-03-27T19:01:53","guid":{"rendered":"http:\/\/www.santarves.salcininkai.lm.lt\/?page_id=29"},"modified":"2019-10-15T13:38:26","modified_gmt":"2019-10-15T11:38:26","slug":"neformalusis-ugdymas","status":"publish","type":"page","link":"http:\/\/www.santarves.salcininkai.lm.lt\/?page_id=29","title":{"rendered":"Mokini\u0173 elgesio taisykl\u0117s"},"content":{"rendered":"<p style=\"text-align: right;\">\n\t<span style=\"font-size:12px;\"><span style=\"font-family: times new roman,times,serif;\">I&scaron;ra&scaron;as i&scaron; mokyklos vidaus tvarkos taisykli\u0173 <\/span><\/span>\n<\/p>\n<p align=\"center\" style=\"margin-left:18.0pt;\">\n\t<strong>VIII. MOKINI\u0172 ELGESIO TAISYKL\u0116S, SKATINIMO IR DRAUSMINIMO TVARKA<\/strong>\n<\/p>\n<p style=\"margin-left:35.45pt;\">\n\t<strong>Mokiniai turi teis\u0119:<\/strong>\n<\/p>\n<ol>\n<li value=\"84\">\n\t\tMokytis pagal savo geb\u0117jimus ir poreikius, \u012fgyti valstybinius standartus atitinkant\u012f i&scaron;silavinim\u0105.\n\t<\/li>\n<li value=\"85\">\n\t\tGauti geros kokyb\u0117s &scaron;vietim\u0105;\n\t<\/li>\n<li value=\"86\">\n\t\tDalyvauti svarstant ugdymo proceso organizavimo klausimus, ugdymo plan\u0105.\n\t<\/li>\n<li value=\"87\">\n\t\tReik&scaron;ti savo nuomon\u0119.\n\t<\/li>\n<li value=\"88\">\n\t\tNuo 14 met\u0173 savaranki&scaron;kai pasirinkti tikybos ar etikos mokym\u0105si.\n\t<\/li>\n<li value=\"89\">\n\t\tGauti informacij\u0105 apie savo pasiekim\u0173 vertinim\u0105 ir kit\u0105 su mokymusi susijusi\u0105 informacij\u0105;\n\t<\/li>\n<li value=\"90\">\n\t\tGauti psichologin\u0119 ir speciali\u0105j\u0105 pedagogin\u0119, speciali\u0105j\u0105, socialin\u0119 pedagogin\u0119, informacin\u0119 pagalb\u0105, sveikatos prie\u017ei\u016br\u0105 gimnazijoje;\n\t<\/li>\n<li value=\"91\">\n\t\tDalyvauti gimnazijos savivaldoje gimnazijos nuostatuose nustatyta tvarka.\n\t<\/li>\n<li value=\"92\">\n\t\tMokytis savitarpio pagarba gr\u012fstoje, psichologi&scaron;kai, dvasi&scaron;kai ir fizi&scaron;kai saugioje aplinkoje, tur\u0117ti higienos reikalavimus atitinkant\u012f mokymosi kr\u016bv\u012f ir darbo viet\u0105;\n\t<\/li>\n<li value=\"93\">\n\t\tPasirinkti formaliojo &scaron;vietimo programas papildan\u010dius bei jo savirai&scaron;kos poreikius tenkinan\u010dius &scaron;i\u0173 program\u0173 modulius, pasirenkam\u0173j\u0173 dalyk\u0173 programas, kursus pagal individualias programas.\n\t<\/li>\n<\/ol>\n<p style=\"margin-left:35.45pt;\">\n\t<strong>Mokiniai privalo:<\/strong>\n<\/p>\n<ol>\n<li value=\"94\">\n\t\tStropiai mokytis, tinkamai elgtis per pamokas, jausti atsakomyb\u0119 u\u017e savo elges\u012f.\n\t<\/li>\n<li value=\"95\">\n\t\tSudarius mokymo sutart\u012f, laikytis vis\u0173 jos s\u0105lyg\u0173, gimnazijos vidaus tvark\u0105 reglamentuojan\u010di\u0173 dokument\u0173 reikalavim\u0173;\n\t<\/li>\n<li value=\"96\">\n\t\tMokytis pagal privalomojo &scaron;vietimo programas iki 16 met\u0173.\n\t<\/li>\n<li value=\"97\">\n\t\tSusipa\u017einti, pasira&scaron;yti instrukta\u017euose ir laikytis mokini\u0173 elgesio taisykli\u0173;\n\t<\/li>\n<li value=\"98\">\n\t\tLankyti pamokas ir nev\u0117luoti \u012f jas;\n\t<\/li>\n<li value=\"99\">\n\t\tPavyzdingai ir pagarbiai elgtis mokykloje: b\u016bti mandag\u016bs, drausmingi;\n\t<\/li>\n<li value=\"100\">\n\t\tTur\u0117ti reikalingas priemones pamokai: knygas, s\u0105siuvinius, ra&scaron;ymo priemones, sporto aprang\u0105 ir kt.;\n\t<\/li>\n<li value=\"101\">\n\t\tTausoti gimnazijos turt\u0105, saugoti ir pri\u017ei\u016br\u0117ti gimnazijos aplink\u0105;\n\t<\/li>\n<li value=\"102\">\n\t\tVisada tvarkingai rengtis, d\u0117v\u0117ti gimnazisto uniform\u0105;\n\t<\/li>\n<li value=\"103\">\n\t\tVir&scaron;utinius r\u016bbus palikti r\u016bbin\u0117je;\n\t<\/li>\n<li value=\"104\">\n\t\tLaikytis saugumo taisykli\u0173 kabinetuose;\n\t<\/li>\n<li value=\"105\">\n\t\tPamokose ir gimnazijos renginiuose netrukdyti savo elgesiu kitiems moksleiviams, mokytojams;\n\t<\/li>\n<li value=\"106\">\n\t\tPalaikyti &scaron;var\u0105 ir tvark\u0105 patalpose, kur mokomasi ir dirbama;\n\t<\/li>\n<li value=\"107\">\n\t\tSugadinus gimnazijos inventori\u0173, patalpas ar kit\u0105 turt\u0105 nuostolius atlyginti;\n\t<\/li>\n<li value=\"108\">\n\t\tGerbti visus gimnazijos bendruomen\u0117s narius: draugus, mokytojus, darbuotojus;\n\t<\/li>\n<li value=\"109\">\n\t\tGerbti gimnazijos vard\u0105;\n\t<\/li>\n<li value=\"110\">\n\t\tBud\u0117ti klas\u0117je ir gimnazijoje nurodytoje vietoje ir nurodytu laiku, budintieji moksleiviai atsako u\u017e &scaron;var\u0105,&nbsp; tvark\u0105, drausm\u0119 pertrauk\u0173 metu.\n\t<\/li>\n<li value=\"111\">\n\t\tRekomenduojama mokiniams valgyti ir pirkti maist\u0105 pailgint\u0173 pertrauk\u0173 metu pagal nustatyt\u0105 grafik\u0105.\n\t<\/li>\n<\/ol>\n<p style=\"margin-left:35.45pt;\">\n\t<strong>Draud\u017eiama:<\/strong>\n<\/p>\n<ol>\n<li value=\"112\">\n\t\tSmurtauti, vartoti necenz\u016brinius \u017eod\u017eius;\n\t<\/li>\n<li value=\"113\">\n\t\tR\u016bkyti gimnazijos patalpose ir jos teritorijoje, atsine&scaron;ti cigare\u010di\u0173, b\u016bti apsvaigusiems, vartoti ar tur\u0117ti alkohol\u012f ir kitas narkotines ir psichotropines med\u017eiagas;\n\t<\/li>\n<li value=\"114\">\n\t\tVartoti, tur\u0117ti ar kitaip perduoti gimnazijoje ir jos teritorijoje energinius g\u0117rimus;\n\t<\/li>\n<li value=\"115\">\n\t\tPasisavinti ne savo daiktus, reketuoti ar reikalauti pinig\u0173\/kit\u0173 daikt\u0173 i&scaron; bendramoksli\u0173, skriausti silpnesnius ar jaunesnius u\u017e save.\n\t<\/li>\n<li value=\"116\">\n\t\tOrganizuoti nelegalius mainus, prekyb\u0105.\n\t<\/li>\n<li value=\"117\">\n\t\tNaudoti pirotechnikos priemones.\n\t<\/li>\n<li value=\"118\">\n\t\tTur\u0117ti gimnazijoje pavojingus daiktus, nesusijusius su ugdymo procesu (cigaretes, kvai&scaron;alus, peilius, duj\u0173 balion\u0117lius, \u017eiebtuv\u0117lius, degtukus ir kt.);\n\t<\/li>\n<li value=\"119\">\n\t\t\u017daisti azartinius \u017eaidimus.\n\t<\/li>\n<li value=\"120\">\n\t\t&Scaron;iuk&scaron;linti, s\u0117d\u0117ti ant palangi\u0173, b\u0117gioti koridoriais, laiptais, stumdytis, gadinti jungiklius, pamok\u0173 metu ir per pertraukas d\u0117v\u0117ti striukes, kepures, sportin\u0119 aprang\u0105 (i&scaron;skyrus k\u016bno kult\u016bros pamokas), paltus.\n\t<\/li>\n<li value=\"121\">\n\t\tKviesti pa&scaron;alinius asmenis, nesimokan\u010dius, nedirban\u010dius gimnazijoje, \u012f gimnazijos renginius ir gimnazijos patalpas be aukl\u0117tojo ar gimnazijos vadovyb\u0117s leidimo.\n\t<\/li>\n<li value=\"122\">\n\t\tPamok\u0173 ir rengini\u0173 metu naudotis mobiliaisiais telefonais.\n\t<\/li>\n<li value=\"123\">\n\t\tPasi&scaron;alinti i&scaron; gimnazijos teritorijos&nbsp; be leidimo;\n\t<\/li>\n<li value=\"124\">\n\t\tFilmuoti ar fotografuoti gimnazijos teritorijoje mokini\u0173, mokytoj\u0173, kit\u0173 darbuotoj\u0173 veikl\u0105 nesusijusi\u0105 su ugdymu arba be j\u0173 leidimo;\n\t<\/li>\n<li value=\"125\">\n\t\tPlatinti informacij\u0105 apie asmen\u012f ne ugdymo tikslais be jo sutikimo per masines informavimo priemones, socialinius tinklus internete.\n\t<\/li>\n<\/ol>\n<p style=\"margin-left:35.45pt;\">\n\t<strong>Skatinimas:<\/strong>\n<\/p>\n<ol>\n<li value=\"126\">\n\t\tMokiniai gali b\u016bti skatinami u\u017e labai ger\u0105 mokym\u0105si, pavyzding\u0105 elges\u012f, labai ger\u0105 pamok\u0173 lankym\u0105, aktyvum\u0105, iniciatyvum\u0105 pamokose, aktyv\u0173 dalyvavim\u0105 klas\u0117s ir gimnazijos savivaldos veikloje, menin\u0119, sportin\u0119, k\u016brybin\u0119, visuomenin\u0119 veikl\u0105, gimnazijos garsinim\u0105 savivaldyb\u0117s, respublikos mastu, pasiekimus menin\u0117je, sportin\u0117je, k\u016brybin\u0117je ir kt. veikloje, padaryt\u0105 asmenin\u0119 pa\u017eang\u0105.\n\t<\/li>\n<li value=\"127\">\n\t\tMokini\u0173&nbsp; skatinimui gali b\u016bti&nbsp; taikomos &scaron;ios&nbsp; priemon\u0117s:\n\t<\/li>\n<li value=\"128\">\n\t\t\u017dodin\u0117 pad\u0117ka;\n\t<\/li>\n<li value=\"129\">\n\t\tMokytojo, klas\u0117s vadovo, pagalb\u0105 teikian\u010dio specialisto, gimnazijos administracijos pad\u0117ka el. dienyne.\n\t<\/li>\n<li value=\"130\">\n\t\tMokytojo, klas\u0117s vadovo pad\u0117ka ra&scaron;tu;\n\t<\/li>\n<li value=\"131\">\n\t\tGimnazijos direktoriaus pad\u0117ka ra&scaron;tu;\n\t<\/li>\n<li value=\"132\">\n\t\tAtminimo dovanos;\n\t<\/li>\n<li value=\"133\">\n\t\tVie&scaron;as pavard\u017ei\u0173 bei nuotrauk\u0173 skelbimas gimnazijos internetin\u0117je svetain\u0117je, informaciniame stende;\n\t<\/li>\n<li value=\"134\">\n\t\tGimnazijos direktoriaus, klas\u0117s vadovo pad\u0117ka t\u0117vams u\u017e ger\u0105 vaik\u0173 aukl\u0117jim\u0105;\n\t<\/li>\n<li value=\"135\">\n\t\tPa\u017eintin\u0117s ekskursijos, bilietai \u012f kult\u016brinius renginius;\n\t<\/li>\n<li value=\"136\">\n\t\tSkatinimo sistemos priemon\u0117s yra vie&scaron;os, supa\u017eindinant&nbsp; gimnazijos bendruomen\u0119.\n\t<\/li>\n<li value=\"137\">\n\t\t<strong>Pa\u017eeidus Tvarkos apra&scaron;e nurodytas taisykles ir elgesio normas, mokiniams taikomos drausminimo priemon\u0117s:<\/strong><\/p>\n<ol>\n<li value=\"137\">\n\t\t\t\t\u017dodinis klas\u0117s vadovo, dalyko mokytojo, administracijos \u012fsp\u0117jimas.\n\t\t\t<\/li>\n<li value=\"137\">\n\t\t\t\t\u012era&scaron;as apie pasikartojant\u012f pa\u017eeidim\u0105 elektroniniame dienyne ar klas\u0117s lankomumo&nbsp; ir drausm\u0117s s\u0105siuvinyje.\n\t\t\t<\/li>\n<li value=\"137\">\n\t\t\t\t\u012epareigojimas vie&scaron;ai ar kitokia forma atsipra&scaron;yti nukent\u0117jus\u012fj\u012f.\n\t\t\t<\/li>\n<li value=\"137\">\n\t\t\t\tPaai&scaron;kinimo ra&scaron;ymas;\n\t\t\t<\/li>\n<li value=\"137\">\n\t\t\t\tDrausmini\u0173 nuobaud\u0173 skyrimas (pastaba, \u012fsp\u0117jimas, papeikimas, grie\u017etas papeikimas);\n\t\t\t<\/li>\n<li value=\"137\">\n\t\t\t\tDrausmin\u0117 nuobauda skiriama direktoriaus \u012fsakymu. Drausmini\u0173 nuobaud\u0173 skyrimas yra vie&scaron;as: su ja supa\u017eindinami pa\u017eeid\u0117jai, j\u0173 t\u0117vai (glob\u0117jai) ir gimnazijos bendruomen\u0117;\n\t\t\t<\/li>\n<li value=\"137\">\n\t\t\t\tSvarstymas Vaiko gerov\u0117s komisijoje.\n\t\t\t<\/li>\n<li value=\"137\">\n\t\t\t\tKreipimasis d\u0117l vaiko minimalios prie\u017ei\u016bros priemoni\u0173 nustatymo ir taikymo.\n\t\t\t<\/li>\n<\/ol>\n<\/li>\n<li value=\"138\">\n\t\tPasteb\u0117jus netinkam\u0105 elges\u012f:<\/p>\n<ol>\n<li value=\"138\">\n\t\t\t\tmokiniui rei&scaron;kiamas \u017eodinis \u012fsp\u0117jimas, ra&scaron;oma pastaba elektroniniame dienyne, informuojami mokinio t\u0117vai (glob\u0117jai, r\u016bpintojai);\n\t\t\t<\/li>\n<li value=\"138\">\n\t\t\t\tnetinkamam elgesiui kartojantis, pedagogas pildo Drausm\u0117s pa\u017eym\u0105, j\u0105 perduoda klas\u0117s vadovui;\n\t\t\t<\/li>\n<li value=\"138\">\n\t\t\t\tklas\u0117s vadovas, gav\u0119s informacij\u0105 apie netinkam\u0105 mokinio elges\u012f, informuoja jo t\u0117vus, glob\u0117jus, r\u016bpintojus), kartu su&nbsp; mokiniu (esant galimybei ir jo t\u0117vais (glob\u0117jais, r\u016bpintojais)) numato poveikio priemones.\n\t\t\t<\/li>\n<li value=\"138\">\n\t\t\t\tsituacijai nesikei\u010diant, mokinio elgesys aptariamas su &scaron;vietimo pagalbos specialistais.\n\t\t\t<\/li>\n<li value=\"138\">\n\t\t\t\tMokinio, nuolat pa\u017eeid\u017eian\u010dio elgesio taisykles bei mokymosi sutarties \u012fsipareigojimus, elgesys ir tolimesnio mokymosi galimyb\u0117s svarstomos Vaiko gerov\u0117s komisijos pos\u0117dyje.\n\t\t\t<\/li>\n<\/ol>\n<\/li>\n<li value=\"139\">\n\t\tMokinio drausmin\u0117s priemon\u0117s bei nuobaudos sumuojamos ir galioja 1 metus laiko.\n\t<\/li>\n<li value=\"140\">\n\t\tGimnazijoje, pasibaigus ugdymui, \u012fvykus tarp mokini\u0173 konfliktui, u\u017e vaik\u0173 elges\u012f atsako mokini\u0173 t\u0117vai.\n\t<\/li>\n<\/ol>\n<p>\n\t&nbsp;\n<\/p>\n<p style=\"margin-left:35.45pt;\">\n\t&nbsp;<\/p>\n","protected":false},"excerpt":{"rendered":"<p>I&scaron;ra&scaron;as i&scaron; mokyklos vidaus tvarkos taisykli\u0173 VIII. MOKINI\u0172 ELGESIO TAISYKL\u0116S, SKATINIMO IR DRAUSMINIMO TVARKA Mokiniai turi teis\u0119: Mokytis pagal savo geb\u0117jimus ir poreikius, \u012fgyti valstybinius standartus atitinkant\u012f i&scaron;silavinim\u0105. Gauti geros kokyb\u0117s &scaron;vietim\u0105; Dalyvauti svarstant ugdymo proceso organizavimo klausimus, ugdymo plan\u0105. Reik&scaron;ti savo nuomon\u0119. Nuo 14 met\u0173 savaranki&scaron;kai pasirinkti tikybos ar etikos mokym\u0105si. Gauti informacij\u0105 apie [&hellip;]<\/p>\n","protected":false},"author":1,"featured_media":0,"parent":1729,"menu_order":7,"comment_status":"closed","ping_status":"closed","template":"","meta":{"ngg_post_thumbnail":0},"_links":{"self":[{"href":"http:\/\/www.santarves.salcininkai.lm.lt\/index.php?rest_route=\/wp\/v2\/pages\/29"}],"collection":[{"href":"http:\/\/www.santarves.salcininkai.lm.lt\/index.php?rest_route=\/wp\/v2\/pages"}],"about":[{"href":"http:\/\/www.santarves.salcininkai.lm.lt\/index.php?rest_route=\/wp\/v2\/types\/page"}],"author":[{"embeddable":true,"href":"http:\/\/www.santarves.salcininkai.lm.lt\/index.php?rest_route=\/wp\/v2\/users\/1"}],"replies":[{"embeddable":true,"href":"http:\/\/www.santarves.salcininkai.lm.lt\/index.php?rest_route=%2Fwp%2Fv2%2Fcomments&post=29"}],"version-history":[{"count":11,"href":"http:\/\/www.santarves.salcininkai.lm.lt\/index.php?rest_route=\/wp\/v2\/pages\/29\/revisions"}],"predecessor-version":[{"id":4258,"href":"http:\/\/www.santarves.salcininkai.lm.lt\/index.php?rest_route=\/wp\/v2\/pages\/29\/revisions\/4258"}],"up":[{"embeddable":true,"href":"http:\/\/www.santarves.salcininkai.lm.lt\/index.php?rest_route=\/wp\/v2\/pages\/1729"}],"wp:attachment":[{"href":"http:\/\/www.santarves.salcininkai.lm.lt\/index.php?rest_route=%2Fwp%2Fv2%2Fmedia&parent=29"}],"curies":[{"name":"wp","href":"https:\/\/api.w.org\/{rel}","templated":true}]}}