{"id":3622,"date":"2018-06-19T15:36:52","date_gmt":"2018-06-19T13:36:52","guid":{"rendered":"http:\/\/www.santarves.salcininkai.lm.lt\/?page_id=3622"},"modified":"2026-04-01T22:18:49","modified_gmt":"2026-04-01T20:18:49","slug":"direktoriaus-ataskaitos","status":"publish","type":"page","link":"http:\/\/www.santarves.salcininkai.lm.lt\/?page_id=3622","title":{"rendered":"Direktoriaus ataskaitos ir metin\u0117s veiklos u\u017eduotys"},"content":{"rendered":"<p><a href=\"http:\/\/www.santarves.salcininkai.lm.lt\/wp-content\/uploads\/2026\/04\/Salcininku-Santarves-gimnazija-2025.pdf\">2025 met\u0173 direktoriaus ataskaita ir u\u017eduotys<\/a><\/p>\n<p><a href=\"http:\/\/www.santarves.salcininkai.lm.lt\/wp-content\/uploads\/2025\/03\/Ataskaita_I_Marcisevska_2024_pilna.pdf\">2024 met\u0173 direktoriaus ataskaita ir u\u017eduotys<\/a><\/p>\n\n\n<p><a href=\"http:\/\/www.santarves.salcininkai.lm.lt\/wp-content\/uploads\/2024\/04\/Salcininku-Santarves-gimnazija_2023_galutine_patvirtinta.pdf\">2023 met\u0173 direktoriaus ataskaita ir u\u017eduotys<\/a><\/p>\n\n\n\n<p><a href=\"http:\/\/www.santarves.salcininkai.lm.lt\/wp-content\/uploads\/2023\/05\/Salcininku-Santarves-gimnazija.pdf\">2022 met\u0173 direktoriaus ataskaita ir u\u017eduotys<\/a><\/p>\n\n\n\n<p><a href=\"http:\/\/www.santarves.salcininkai.lm.lt\/wp-content\/uploads\/2022\/03\/Salcininku-Santarves-gimnazija.pdf\">2021 met\u0173 direktoriaus ataskaita ir u\u017eduotys<\/a><\/p>\n\n\n\n<p><a href=\"http:\/\/www.santarves.salcininkai.lm.lt\/wp-content\/uploads\/2021\/04\/Salcininku-Santarves-gimnazija-galutine-ivertinta.pdf\">2020 met\u0173 direktoriaus ataskaita ir u\u017eduotys<\/a><\/p>\n\n\n\n<p><a href=\"http:\/\/www.santarves.salcininkai.lm.lt\/wp-content\/uploads\/2020\/03\/I.-Marci\u0161evskos-veiklos-ataskaita-2019-pasira\u0161yta.pdf\">2019 met\u0173 direktoriaus ataskaita ir u\u017eduotys<\/a><\/p>\n\n\n\n<p><a href=\"http:\/\/www.santarves.salcininkai.lm.lt\/wp-content\/uploads\/2019\/03\/Santarves_direktores_atask.pdf\">2018 met\u0173 direktoriaus ataskaita ir u\u017eduotys<\/a><\/p>\n\n\n\n<p><a href=\"http:\/\/www.santarves.salcininkai.lm.lt\/wp-content\/uploads\/2018\/06\/Ataskaita-2017.pdf\" rel=\"\">2017 met\u0173 direktoriaus ataskaita<\/a><\/p>\n","protected":false},"excerpt":{"rendered":"<p>2025 met\u0173 direktoriaus ataskaita ir u\u017eduotys 2024 met\u0173 direktoriaus ataskaita ir u\u017eduotys 2023 met\u0173 direktoriaus ataskaita ir u\u017eduotys 2022 met\u0173 direktoriaus ataskaita ir u\u017eduotys 2021 met\u0173 direktoriaus ataskaita ir u\u017eduotys 2020 met\u0173 direktoriaus ataskaita ir u\u017eduotys 2019 met\u0173 direktoriaus ataskaita ir u\u017eduotys 2018 met\u0173 direktoriaus ataskaita ir u\u017eduotys 2017 met\u0173 direktoriaus ataskaita<\/p>\n","protected":false},"author":1,"featured_media":0,"parent":37,"menu_order":0,"comment_status":"closed","ping_status":"closed","template":"","meta":{"ngg_post_thumbnail":0},"_links":{"self":[{"href":"http:\/\/www.santarves.salcininkai.lm.lt\/index.php?rest_route=\/wp\/v2\/pages\/3622"}],"collection":[{"href":"http:\/\/www.santarves.salcininkai.lm.lt\/index.php?rest_route=\/wp\/v2\/pages"}],"about":[{"href":"http:\/\/www.santarves.salcininkai.lm.lt\/index.php?rest_route=\/wp\/v2\/types\/page"}],"author":[{"embeddable":true,"href":"http:\/\/www.santarves.salcininkai.lm.lt\/index.php?rest_route=\/wp\/v2\/users\/1"}],"replies":[{"embeddable":true,"href":"http:\/\/www.santarves.salcininkai.lm.lt\/index.php?rest_route=%2Fwp%2Fv2%2Fcomments&post=3622"}],"version-history":[{"count":27,"href":"http:\/\/www.santarves.salcininkai.lm.lt\/index.php?rest_route=\/wp\/v2\/pages\/3622\/revisions"}],"predecessor-version":[{"id":8276,"href":"http:\/\/www.santarves.salcininkai.lm.lt\/index.php?rest_route=\/wp\/v2\/pages\/3622\/revisions\/8276"}],"up":[{"embeddable":true,"href":"http:\/\/www.santarves.salcininkai.lm.lt\/index.php?rest_route=\/wp\/v2\/pages\/37"}],"wp:attachment":[{"href":"http:\/\/www.santarves.salcininkai.lm.lt\/index.php?rest_route=%2Fwp%2Fv2%2Fmedia&parent=3622"}],"curies":[{"name":"wp","href":"https:\/\/api.w.org\/{rel}","templated":true}]}}