{"id":3642,"date":"2018-09-07T07:43:09","date_gmt":"2018-09-07T05:43:09","guid":{"rendered":"http:\/\/www.santarves.salcininkai.lm.lt\/?page_id=3642"},"modified":"2025-10-15T13:31:01","modified_gmt":"2025-10-15T11:31:01","slug":"maitinimas","status":"publish","type":"page","link":"http:\/\/www.santarves.salcininkai.lm.lt\/?page_id=3642","title":{"rendered":"Maitinimas"},"content":{"rendered":"<p><span style=\"font-size: 18px;\">\u0160al\u010dinink\u0173 &#8222;Santarv\u0117s&#8221; gimnazijoje nuo 2024 m. rugs\u0117jo 1 d. maitinimo paslaugas teikia UAB &#8222;Sotega&#8221; (kodas 301681743)<\/span><\/p>\n<p><strong>15 DIEN\u0172 VALGIARA\u0160TIS:&nbsp;<\/strong><\/p>\n<p><strong>Prie\u0161mokyklin\u0117s\/ikimokyklin\u0117s grup\u0117s vaik\u0173, 1-8, I-IV gimnazijos klasi\u0173 mokini\u0173 maitinimas: <\/strong><\/p>\n<p><a href=\"http:\/\/www.santarves.salcininkai.lm.lt\/wp-content\/uploads\/2024\/09\/15-dienu-mokamas-maitinimas-11-ir-vyr..pdf\">Mokamo maitinimo valgiara\u0161tis<\/a><\/p>\n<p><a href=\"http:\/\/www.santarves.salcininkai.lm.lt\/wp-content\/uploads\/2024\/09\/15-dienu-nemoamas-maitinimas-11-ir-vyr..pdf\">Nemokamo maitinimo valgiara\u0161tis<\/a><\/p>\n<p><a href=\"http:\/\/www.santarves.salcininkai.lm.lt\/wp-content\/uploads\/2025\/10\/Maitinimo-grafikas-2025-2026-m.m..docx\">Mokini\u0173 maitinimo grafikas 2025-2026 m. m. I pusmetis<\/a><\/p>\n<p>________________________________________________________________________________________________________________<\/p>\n<p><a href=\"https:\/\/e-seimas.lrs.lt\/portal\/legalAct\/lt\/TAD\/TAIS.411986\/asr\">Vaik\u0173 maitinimo organizavimo tvarkos apra\u0161as<\/a><\/p>\n<p>&nbsp;<\/p>\n","protected":false},"excerpt":{"rendered":"<p>\u0160al\u010dinink\u0173 &#8222;Santarv\u0117s&#8221; gimnazijoje nuo 2024 m. rugs\u0117jo 1 d. maitinimo paslaugas teikia UAB &#8222;Sotega&#8221; (kodas 301681743) 15 DIEN\u0172 VALGIARA\u0160TIS:&nbsp; Prie\u0161mokyklin\u0117s\/ikimokyklin\u0117s grup\u0117s vaik\u0173, 1-8, I-IV gimnazijos klasi\u0173 mokini\u0173 maitinimas: Mokamo maitinimo valgiara\u0161tis Nemokamo maitinimo valgiara\u0161tis Mokini\u0173 maitinimo grafikas 2025-2026 m. m. I pusmetis ________________________________________________________________________________________________________________ Vaik\u0173 maitinimo organizavimo tvarkos apra\u0161as &nbsp;<\/p>\n","protected":false},"author":1,"featured_media":0,"parent":10,"menu_order":10,"comment_status":"closed","ping_status":"closed","template":"","meta":{"ngg_post_thumbnail":0},"_links":{"self":[{"href":"http:\/\/www.santarves.salcininkai.lm.lt\/index.php?rest_route=\/wp\/v2\/pages\/3642"}],"collection":[{"href":"http:\/\/www.santarves.salcininkai.lm.lt\/index.php?rest_route=\/wp\/v2\/pages"}],"about":[{"href":"http:\/\/www.santarves.salcininkai.lm.lt\/index.php?rest_route=\/wp\/v2\/types\/page"}],"author":[{"embeddable":true,"href":"http:\/\/www.santarves.salcininkai.lm.lt\/index.php?rest_route=\/wp\/v2\/users\/1"}],"replies":[{"embeddable":true,"href":"http:\/\/www.santarves.salcininkai.lm.lt\/index.php?rest_route=%2Fwp%2Fv2%2Fcomments&post=3642"}],"version-history":[{"count":17,"href":"http:\/\/www.santarves.salcininkai.lm.lt\/index.php?rest_route=\/wp\/v2\/pages\/3642\/revisions"}],"predecessor-version":[{"id":7618,"href":"http:\/\/www.santarves.salcininkai.lm.lt\/index.php?rest_route=\/wp\/v2\/pages\/3642\/revisions\/7618"}],"up":[{"embeddable":true,"href":"http:\/\/www.santarves.salcininkai.lm.lt\/index.php?rest_route=\/wp\/v2\/pages\/10"}],"wp:attachment":[{"href":"http:\/\/www.santarves.salcininkai.lm.lt\/index.php?rest_route=%2Fwp%2Fv2%2Fmedia&parent=3642"}],"curies":[{"name":"wp","href":"https:\/\/api.w.org\/{rel}","templated":true}]}}