{"id":37,"date":"2011-03-27T19:05:26","date_gmt":"2011-03-27T19:05:26","guid":{"rendered":"http:\/\/www.santarves.salcininkai.lm.lt\/?page_id=37"},"modified":"2025-09-28T20:13:25","modified_gmt":"2025-09-28T18:13:25","slug":"administracija","status":"publish","type":"page","link":"http:\/\/www.santarves.salcininkai.lm.lt\/?page_id=37","title":{"rendered":"Administracija"},"content":{"rendered":"<p style=\"text-align: right;\"><span style=\"font-size: 11px;\"><span style=\"font-family: times new roman,times,serif;\"><em>Informacija atnaujinta 2025-02-19<\/em>&nbsp; <\/span><\/span><\/p>\n<p><span style=\"color: #000000;\"><span style=\"font-family: Times New Roman;\"><span style=\"font-family: 'times new roman', 'serif'; font-size: 12pt; mso-fareast-font-family: 'times new roman'; mso-fareast-language: lt; mso-ansi-language: lt; mso-bidi-language: ar-sa;\"><strong><a href=\"http:\/\/www.santarves.salcininkai.lm.lt\/wp-content\/uploads\/2011\/03\/image.jpg\"><img decoding=\"async\" loading=\"lazy\" class=\"alignleft size-medium wp-image-1739\" title=\"image\" src=\"http:\/\/www.santarves.salcininkai.lm.lt\/wp-content\/uploads\/2011\/03\/image-275x300.jpg\" alt=\"\" width=\"155\" height=\"170\" align=\"absMiddle\" srcset=\"http:\/\/www.santarves.salcininkai.lm.lt\/wp-content\/uploads\/2011\/03\/image-275x300.jpg 275w, http:\/\/www.santarves.salcininkai.lm.lt\/wp-content\/uploads\/2011\/03\/image.jpg 792w\" sizes=\"(max-width: 155px) 100vw, 155px\" \/><\/a> DIREKTOR<span style=\"font-family: Times New Roman;\">\u0116 <\/span><\/strong><\/span><\/span><\/span><\/p>\n<p><span style=\"color: #000000;\"><span style=\"font-family: Times New Roman;\"><span style=\"font-family: 'times new roman', 'serif'; font-size: 12pt; mso-fareast-font-family: 'times new roman'; mso-fareast-language: lt; mso-ansi-language: lt; mso-bidi-language: ar-sa;\"><strong>&nbsp;<span style=\"font-family: Times New Roman;\">Inga Marci\u0161evska<\/span><\/strong><\/span><\/span><\/span><\/p>\n<p><span style=\"font-family: 'times new roman', 'serif'; font-size: 12pt; mso-fareast-font-family: 'times new roman'; mso-fareast-language: lt; mso-ansi-language: lt; mso-bidi-language: ar-sa;\"><strong><span style=\"font-family: Times New Roman;\">(<\/span><\/strong><\/span><span style=\"font-family: 'times new roman', 'serif'; font-size: 12pt; mso-fareast-font-family: 'times new roman'; mso-fareast-language: lt; mso-ansi-language: lt; mso-bidi-language: ar-sa;\"><span style=\"font-family: Times New Roman;\"><span style=\"font-family: times new roman, times, serif;\"><span style=\"font-size: 16px;\"><span lang=\"EN-US\">III vadybin\u0117 kvalifikacin\u0117 kategorija<\/span><\/span><\/span><\/span><strong><span style=\"font-family: Times New Roman;\"><span style=\"font-family: times new roman, times, serif;\"><span style=\"font-size: 16px;\"><span lang=\"EN-US\">; <\/span><\/span><\/span><\/span><\/strong><span style=\"font-family: Times New Roman;\">Informacini\u0173 technologij\u0173 vyr. mokytoja, vadybinis darbo sta\u017eas &#8211; 11 met\u0173, bendras darbo sta\u017eas &#8211; 26 metai), <\/span><\/span><\/p>\n<p><span style=\"color: #000000;\"><span style=\"font-family: Times New Roman;\"><span style=\"font-family: 'times new roman', 'serif'; font-size: 12pt; mso-fareast-font-family: 'times new roman'; mso-fareast-language: lt; mso-ansi-language: lt; mso-bidi-language: ar-sa;\"><span style=\"font-family: Times New Roman;\">el.pa\u0161tas inga.marcisevska@gmail.com<\/span> <\/span><\/span><\/span><\/p>\n<p><span style=\"color: #000000;\"><span style=\"font-family: Times New Roman;\"><span style=\"font-family: 'times new roman', 'serif'; font-size: 12pt; mso-fareast-font-family: 'times new roman'; mso-fareast-language: lt; mso-ansi-language: lt; mso-bidi-language: ar-sa;\"><span style=\"font-family: Times New Roman;\">tel. +370 380 52 878<\/span><\/span><\/span><\/span><\/p>\n<p><a href=\"http:\/\/www.santarves.salcininkai.lm.lt\/wp-content\/uploads\/2011\/03\/CV_2017.doc\" rel=\"\">Gyvenimo apra\u0161ymas<\/a><\/p>\n<p><strong><span style=\"color: #000000;\"><span style=\"font-family: Times New Roman;\"><span style=\"font-family: 'times new roman', 'serif'; font-size: 12pt; mso-fareast-font-family: 'times new roman'; mso-fareast-language: lt; mso-ansi-language: lt; mso-bidi-language: ar-sa;\"><span style=\"font-family: Times New Roman;\">Darbo laikas:<\/span><\/span><\/span><\/span> <\/strong><\/p>\n<p><span style=\"font-family: times new roman,times,serif;\">Pirmadienis&nbsp; &nbsp; &nbsp; &nbsp; &nbsp;8.00 &#8211; 16.30<\/span><\/p>\n<p><span style=\"font-family: times new roman,times,serif;\">Antradienis&nbsp;&nbsp;&nbsp;&nbsp;&nbsp;&nbsp;&nbsp;&nbsp; <\/span><span style=\"font-family: times new roman,times,serif;\">7.45 &#8211; 17.00<\/span><\/p>\n<p><span style=\"font-family: times new roman,times,serif;\">Tre\u010diadienis&nbsp;&nbsp;&nbsp;&nbsp;&nbsp;&nbsp;&nbsp; <\/span><span style=\"font-family: times new roman,times,serif;\">7.45 &#8211; 17.00<\/span><\/p>\n<p><span style=\"font-family: times new roman,times,serif;\">Ketvirtadienis&nbsp;&nbsp;&nbsp;&nbsp; 7.45 &#8211; 17.00<\/span><\/p>\n<p><span style=\"font-family: times new roman,times,serif;\">Penktadienis&nbsp; &nbsp; &nbsp; &nbsp; 7.30 &#8211; 16.00<\/span><\/p>\n<p><span style=\"font-size: 16px;\"><span style=\"font-family: times new roman,times,serif;\"><strong>DIREKTOR\u0116S PAVADUOTOJA UGDYMO REIKALAMS <\/strong><\/span><\/span><\/p>\n<p><span style=\"font-size: 16px;\"><span style=\"font-family: times new roman,times,serif;\"><strong>\u010ceslava Levanovi\u010d&nbsp; <\/strong><\/span><\/span><\/p>\n<p><span style=\"font-size: 14px;\"><span style=\"font-family: times new roman,times,serif;\"><strong>(<\/strong>vadybin\u0117 kvalifikacin\u0117 kategorija &#8211; n\u0117ra<strong>; <\/strong>istorijos vyr. mokytoja, darbo sta\u017eas &#8211; 28 metai)<\/span><\/span><\/p>\n<p><span style=\"font-size: 14px;\"><span style=\"font-family: times new roman,times,serif;\">el.pa\u0161tas<\/span><\/span> <span style=\"font-family: times new roman,times,serif;\"><span style=\"font-size: 14px;\">czesia.lew<wbr>@gmail.com&nbsp; <\/span><\/span><\/p>\n<p><span style=\"font-size: 14px;\"><span style=\"font-family: times new roman,times,serif;\">tel. +370 380 52 878<\/span><\/span><\/p>\n<p><a href=\"http:\/\/www.santarves.salcininkai.lm.lt\/wp-content\/uploads\/2011\/03\/CV-pavaduotoja.pdf\" rel=\"\">Gyvenimo apra\u0161ymas<\/a><\/p>\n<p><span style=\"font-size: 16px;\"><span style=\"font-family: times new roman,times,serif;\"><strong>Darbo laikas: <\/strong><\/span><\/span><\/p>\n<p><span style=\"font-size: 14px;\"><span style=\"font-family: times new roman,times,serif;\">Pirmadienis &#8211; Penktadienis &nbsp;&nbsp;&nbsp;&nbsp;&nbsp;&nbsp; 8.00 &#8211; 17.00<\/span><\/span><\/p>\n<p>&nbsp;<\/p>\n<p><span style=\"color: #000000;\"><span style=\"font-family: Times New Roman;\"><span style=\"font-family: 'times new roman', 'serif'; font-size: 12pt; mso-fareast-font-family: 'times new roman'; mso-fareast-language: lt; mso-ansi-language: lt; mso-bidi-language: ar-sa;\"><strong><span style=\"color: #000000;\"><span style=\"font-family: Times New Roman;\"><span style=\"font-family: 'times new roman', 'serif'; font-size: 12pt; mso-fareast-font-family: 'times new roman'; mso-fareast-language: lt; mso-ansi-language: lt; mso-bidi-language: ar-sa;\"><strong><span style=\"font-family: Times New Roman;\">\u016aKVED\u0116<\/span><\/strong><\/span><\/span><\/span><span style=\"font-family: Times New Roman;\">&nbsp;<\/span> Lilia Moskalenko<\/strong><\/span><\/span><\/span><\/p>\n<p><span style=\"font-family: 'times new roman', 'serif'; font-size: 12pt; mso-fareast-font-family: 'times new roman'; mso-fareast-language: lt; mso-ansi-language: lt; mso-bidi-language: ar-sa;\"><span style=\"font-family: Times New Roman;\">tel. +370 380 52 878<\/span><\/span><\/p>\n<p><strong><span style=\"color: #000000;\"><span style=\"font-family: Times New Roman;\"><span style=\"font-family: 'times new roman', 'serif'; font-size: 12pt; mso-fareast-font-family: 'times new roman'; mso-fareast-language: lt; mso-ansi-language: lt; mso-bidi-language: ar-sa;\"><span style=\"font-family: Times New Roman;\">Darbo laikas:<\/span><\/span><\/span><\/span> <\/strong><\/p>\n<p><span style=\"font-family: times new roman,times,serif;\">Pirmadienis &#8211; Penktadienis &nbsp;&nbsp;&nbsp;&nbsp;&nbsp;&nbsp; 8.00 &#8211; 17.00<\/span><\/p>\n","protected":false},"excerpt":{"rendered":"<p>Informacija atnaujinta 2025-02-19&nbsp; DIREKTOR\u0116 &nbsp;Inga Marci\u0161evska (III vadybin\u0117 kvalifikacin\u0117 kategorija; Informacini\u0173 technologij\u0173 vyr. mokytoja, vadybinis darbo sta\u017eas &#8211; 11 met\u0173, bendras darbo sta\u017eas &#8211; 26 metai), el.pa\u0161tas inga.marcisevska@gmail.com tel. +370 380 52 878 Gyvenimo apra\u0161ymas Darbo laikas: Pirmadienis&nbsp; &nbsp; &nbsp; &nbsp; &nbsp;8.00 &#8211; 16.30 Antradienis&nbsp;&nbsp;&nbsp;&nbsp;&nbsp;&nbsp;&nbsp;&nbsp; 7.45 &#8211; 17.00 Tre\u010diadienis&nbsp;&nbsp;&nbsp;&nbsp;&nbsp;&nbsp;&nbsp; 7.45 &#8211; 17.00 Ketvirtadienis&nbsp;&nbsp;&nbsp;&nbsp; 7.45 &#8211; [&hellip;]<\/p>\n","protected":false},"author":1,"featured_media":0,"parent":34,"menu_order":1,"comment_status":"closed","ping_status":"closed","template":"","meta":{"ngg_post_thumbnail":0},"_links":{"self":[{"href":"http:\/\/www.santarves.salcininkai.lm.lt\/index.php?rest_route=\/wp\/v2\/pages\/37"}],"collection":[{"href":"http:\/\/www.santarves.salcininkai.lm.lt\/index.php?rest_route=\/wp\/v2\/pages"}],"about":[{"href":"http:\/\/www.santarves.salcininkai.lm.lt\/index.php?rest_route=\/wp\/v2\/types\/page"}],"author":[{"embeddable":true,"href":"http:\/\/www.santarves.salcininkai.lm.lt\/index.php?rest_route=\/wp\/v2\/users\/1"}],"replies":[{"embeddable":true,"href":"http:\/\/www.santarves.salcininkai.lm.lt\/index.php?rest_route=%2Fwp%2Fv2%2Fcomments&post=37"}],"version-history":[{"count":31,"href":"http:\/\/www.santarves.salcininkai.lm.lt\/index.php?rest_route=\/wp\/v2\/pages\/37\/revisions"}],"predecessor-version":[{"id":7593,"href":"http:\/\/www.santarves.salcininkai.lm.lt\/index.php?rest_route=\/wp\/v2\/pages\/37\/revisions\/7593"}],"up":[{"embeddable":true,"href":"http:\/\/www.santarves.salcininkai.lm.lt\/index.php?rest_route=\/wp\/v2\/pages\/34"}],"wp:attachment":[{"href":"http:\/\/www.santarves.salcininkai.lm.lt\/index.php?rest_route=%2Fwp%2Fv2%2Fmedia&parent=37"}],"curies":[{"name":"wp","href":"https:\/\/api.w.org\/{rel}","templated":true}]}}