{"id":39,"date":"2011-03-27T19:05:59","date_gmt":"2011-03-27T19:05:59","guid":{"rendered":"http:\/\/www.santarves.salcininkai.lm.lt\/?page_id=39"},"modified":"2025-09-28T20:13:55","modified_gmt":"2025-09-28T18:13:55","slug":"mokytojai","status":"publish","type":"page","link":"http:\/\/www.santarves.salcininkai.lm.lt\/?page_id=39","title":{"rendered":"Mokytojai"},"content":{"rendered":"<p align=\"right\"><span style=\"font-family: times new roman,times,serif;\"><em>Informacija atnaujinta 2025-09-26<\/em><\/span><\/p>\n<p align=\"center\"><span style=\"font-family: times new roman,times,serif;\"><strong>\u0160AL\u010cININK\u0172 \u201eSANTARV\u0116S\u201c GIMNAZIJOJE &nbsp;<\/strong><\/span><\/p>\n<p align=\"center\"><span style=\"font-family: times new roman,times,serif;\"><strong>2025-2026 M.M. DIRBANTYS MOKYTOJAI<\/strong><\/span><\/p>\n<p>&nbsp;<\/p>\n","protected":false},"excerpt":{"rendered":"<p>Informacija atnaujinta 2025-09-26 \u0160AL\u010cININK\u0172 \u201eSANTARV\u0116S\u201c GIMNAZIJOJE &nbsp; 2025-2026 M.M. DIRBANTYS MOKYTOJAI &nbsp;<\/p>\n","protected":false},"author":1,"featured_media":0,"parent":34,"menu_order":2,"comment_status":"closed","ping_status":"closed","template":"","meta":{"ngg_post_thumbnail":0},"_links":{"self":[{"href":"http:\/\/www.santarves.salcininkai.lm.lt\/index.php?rest_route=\/wp\/v2\/pages\/39"}],"collection":[{"href":"http:\/\/www.santarves.salcininkai.lm.lt\/index.php?rest_route=\/wp\/v2\/pages"}],"about":[{"href":"http:\/\/www.santarves.salcininkai.lm.lt\/index.php?rest_route=\/wp\/v2\/types\/page"}],"author":[{"embeddable":true,"href":"http:\/\/www.santarves.salcininkai.lm.lt\/index.php?rest_route=\/wp\/v2\/users\/1"}],"replies":[{"embeddable":true,"href":"http:\/\/www.santarves.salcininkai.lm.lt\/index.php?rest_route=%2Fwp%2Fv2%2Fcomments&post=39"}],"version-history":[{"count":31,"href":"http:\/\/www.santarves.salcininkai.lm.lt\/index.php?rest_route=\/wp\/v2\/pages\/39\/revisions"}],"predecessor-version":[{"id":7594,"href":"http:\/\/www.santarves.salcininkai.lm.lt\/index.php?rest_route=\/wp\/v2\/pages\/39\/revisions\/7594"}],"up":[{"embeddable":true,"href":"http:\/\/www.santarves.salcininkai.lm.lt\/index.php?rest_route=\/wp\/v2\/pages\/34"}],"wp:attachment":[{"href":"http:\/\/www.santarves.salcininkai.lm.lt\/index.php?rest_route=%2Fwp%2Fv2%2Fmedia&parent=39"}],"curies":[{"name":"wp","href":"https:\/\/api.w.org\/{rel}","templated":true}]}}