{"id":41,"date":"2011-03-27T19:06:35","date_gmt":"2011-03-27T19:06:35","guid":{"rendered":"http:\/\/www.santarves.salcininkai.lm.lt\/?page_id=41"},"modified":"2025-10-15T12:41:41","modified_gmt":"2025-10-15T10:41:41","slug":"mokiniai","status":"publish","type":"page","link":"http:\/\/www.santarves.salcininkai.lm.lt\/?page_id=41","title":{"rendered":"Mokiniai"},"content":{"rendered":"<p><a href=\"http:\/\/www.santarves.salcininkai.lm.lt\/wp-content\/uploads\/2011\/03\/IMG_7669.jpg\"><img decoding=\"async\" loading=\"lazy\" class=\"alignleft size-medium wp-image-554\" title=\"IMG_7669\" src=\"http:\/\/www.santarves.salcininkai.lm.lt\/wp-content\/uploads\/2011\/03\/IMG_7669-300x200.jpg\" alt=\"\" width=\"368\" height=\"244\" srcset=\"http:\/\/www.santarves.salcininkai.lm.lt\/wp-content\/uploads\/2011\/03\/IMG_7669-300x200.jpg 300w, http:\/\/www.santarves.salcininkai.lm.lt\/wp-content\/uploads\/2011\/03\/IMG_7669-1024x682.jpg 1024w, http:\/\/www.santarves.salcininkai.lm.lt\/wp-content\/uploads\/2011\/03\/IMG_7669.jpg 1500w\" sizes=\"(max-width: 368px) 100vw, 368px\" \/><\/a><span style=\"font-size: 14px;\"><span style=\"font-family: times new roman, times, serif;\"><strong>Dienin\u0117s klas\u0117s<\/strong> &#8211; prie\u0161m.\/ikimok. ugd. gr., 1-8, I-IV gimn.&nbsp;kl.<\/span><\/span><\/p>\n<p><span style=\"font-size: 12px;\"><span style=\"font-family: times new roman, times, serif;\"><span style=\"font-size: 14px;\"><strong>Suaugusi\u0173j\u0173 klas\u0117s<\/strong> &#8211;&nbsp;III-IV gimn.&nbsp;kl<\/span>.&nbsp;<\/span><\/span><\/p>\n<p><span style=\"font-family: times new roman, times, serif;\"><span style=\"font-size: 14px;\"><strong>Mokini\u0173 skai\u010dius gimnazijoje 2025-2026 m.m<\/strong>:<\/span><\/span><\/p>\n<p style=\"margin-left: 80px;\"><span style=\"font-family: times new roman, times, serif;\"><strong><span style=\"font-size: 14px;\">Prie\u0161mokyklinio\/ikimokyklinio ugdymo programa &#8211; 15<\/span><\/strong><span style=\"font-size: 14px;\">&nbsp;mok.<\/span><\/span><\/p>\n<p style=\"margin-left: 80px;\"><span style=\"font-family: times new roman, times, serif;\"><span style=\"font-size: 14px;\"><strong>Pradinio ugdymo programa &#8211; 27<\/strong>&nbsp;mok.<\/span><\/span><\/p>\n<p style=\"margin-left: 80px;\"><span style=\"font-family: times new roman, times, serif;\"><span style=\"font-size: 14px;\"><strong>Pagrindinio ugdymo programa <\/strong>&#8211;<strong> 65<\/strong>&nbsp;mok.<\/span><\/span><\/p>\n<p style=\"margin-left: 80px;\"><span style=\"font-family: times new roman, times, serif;\"><span style=\"font-size: 14px;\"><strong>Vidurinio ugdymo programa &#8211; 12<\/strong>&nbsp;mok.<\/span><\/span><\/p>\n<p style=\"margin-left: 80px;\"><span style=\"font-family: times new roman, times, serif;\"><span style=\"font-size: 14px;\"><strong>Suaugusi\u0173j\u0173 vidurinio ugdymo programa &#8211; 13<\/strong>&nbsp;mok. <\/span><\/span><\/p>\n\n\n<p><\/p>\n","protected":false},"excerpt":{"rendered":"<p>Dienin\u0117s klas\u0117s &#8211; prie\u0161m.\/ikimok. ugd. gr., 1-8, I-IV gimn.&nbsp;kl. Suaugusi\u0173j\u0173 klas\u0117s &#8211;&nbsp;III-IV gimn.&nbsp;kl.&nbsp; Mokini\u0173 skai\u010dius gimnazijoje 2025-2026 m.m: Prie\u0161mokyklinio\/ikimokyklinio ugdymo programa &#8211; 15&nbsp;mok. Pradinio ugdymo programa &#8211; 27&nbsp;mok. Pagrindinio ugdymo programa &#8211; 65&nbsp;mok. Vidurinio ugdymo programa &#8211; 12&nbsp;mok. Suaugusi\u0173j\u0173 vidurinio ugdymo programa &#8211; 13&nbsp;mok.<\/p>\n","protected":false},"author":1,"featured_media":0,"parent":34,"menu_order":3,"comment_status":"closed","ping_status":"closed","template":"","meta":{"ngg_post_thumbnail":0},"_links":{"self":[{"href":"http:\/\/www.santarves.salcininkai.lm.lt\/index.php?rest_route=\/wp\/v2\/pages\/41"}],"collection":[{"href":"http:\/\/www.santarves.salcininkai.lm.lt\/index.php?rest_route=\/wp\/v2\/pages"}],"about":[{"href":"http:\/\/www.santarves.salcininkai.lm.lt\/index.php?rest_route=\/wp\/v2\/types\/page"}],"author":[{"embeddable":true,"href":"http:\/\/www.santarves.salcininkai.lm.lt\/index.php?rest_route=\/wp\/v2\/users\/1"}],"replies":[{"embeddable":true,"href":"http:\/\/www.santarves.salcininkai.lm.lt\/index.php?rest_route=%2Fwp%2Fv2%2Fcomments&post=41"}],"version-history":[{"count":25,"href":"http:\/\/www.santarves.salcininkai.lm.lt\/index.php?rest_route=\/wp\/v2\/pages\/41\/revisions"}],"predecessor-version":[{"id":7612,"href":"http:\/\/www.santarves.salcininkai.lm.lt\/index.php?rest_route=\/wp\/v2\/pages\/41\/revisions\/7612"}],"up":[{"embeddable":true,"href":"http:\/\/www.santarves.salcininkai.lm.lt\/index.php?rest_route=\/wp\/v2\/pages\/34"}],"wp:attachment":[{"href":"http:\/\/www.santarves.salcininkai.lm.lt\/index.php?rest_route=%2Fwp%2Fv2%2Fmedia&parent=41"}],"curies":[{"name":"wp","href":"https:\/\/api.w.org\/{rel}","templated":true}]}}