{"id":43,"date":"2011-03-27T19:07:17","date_gmt":"2011-03-27T19:07:17","guid":{"rendered":"http:\/\/www.santarves.salcininkai.lm.lt\/?page_id=43"},"modified":"2017-04-23T17:14:40","modified_gmt":"2017-04-23T15:14:40","slug":"kontaktai","status":"publish","type":"page","link":"http:\/\/www.santarves.salcininkai.lm.lt\/?page_id=43","title":{"rendered":"Strukt\u016bra ir kontaktai"},"content":{"rendered":"<p class=\"MsoNormal\" style=\"text-align: right; margin: 0cm 0cm 0pt;\">\n\t<br \/>\n\t<span style=\"font-size:12px;\"><span style=\"font-family: times new roman,times,serif;\"><span style=\"font-size:10px;\"><em>Informacija atnaujinta 2017-04-21<\/em><\/span><\/span><\/span>\n<\/p>\n<p class=\"MsoNormal\" style=\"text-align: center; margin: 0cm 0cm 0pt\">\n\t&nbsp;\n<\/p>\n<p class=\"MsoNormal\" style=\"text-align: center; margin: 0cm 0cm 0pt\">\n\t<strong><span style=\"font-size:12px;\"><span style=\"font-family: times new roman,times,serif;\">&Scaron;AL\u010cININK\u0172 &bdquo;SANTARV\u0116S&ldquo; GIMNAZIJA, <\/span><\/span><\/strong><br \/>\n\t<span style=\"font-size:12px;\"><span style=\"font-family: times new roman,times,serif;\">kodas 191415943<\/span><\/span>\n<\/p>\n<p class=\"MsoNormal\" style=\"text-align: center; margin: 0cm 0cm 0pt\">\n\t&nbsp;\n<\/p>\n<p class=\"MsoNormal\" style=\"text-align: center; margin: 0cm 0cm 0pt\">\n\t<b style=\"mso-bidi-font-weight: normal\"><span lang=\"LT\" style=\"font-size: 10pt; mso-ansi-language: lt\"><font color=\"#000000\"><font face=\"Times New Roman\">ADRESAS<o:p><\/o:p><\/font><\/font><\/span><\/b>\n<\/p>\n<p class=\"MsoNormal\" style=\"text-align: center; margin: 0cm 0cm 0pt\">\n\t<b style=\"mso-bidi-font-weight: normal\"><span lang=\"LT\" style=\"font-size: 10pt; mso-ansi-language: lt\"><font color=\"#000000\"><font face=\"Times New Roman\">Vytauto g. 35, LT-17106, &Scaron;al\u010dininkai<o:p><\/o:p><\/font><\/font><\/span><\/b>\n<\/p>\n<p class=\"MsoNormal\" style=\"text-align: center; margin: 0cm 0cm 0pt\">\n\t<b style=\"mso-bidi-font-weight: normal\"><span lang=\"LT\" style=\"font-size: 10pt; mso-ansi-language: lt\"><font color=\"#000000\"><font face=\"Times New Roman\">Tel. +370 380 52 878 <o:p><\/o:p><\/font><\/font><\/span><\/b>\n<\/p>\n<p class=\"MsoNormal\" style=\"text-align: center; margin: 0cm 0cm 0pt\">\n\t<b style=\"mso-bidi-font-weight: normal\"><span lang=\"LT\" style=\"font-size: 10pt; mso-ansi-language: lt\"><font color=\"#000000\" face=\"Times New Roman\">El.pa&scaron;tas&nbsp;<\/font><\/span><\/b><b style=\"mso-bidi-font-weight: normal\"><span lang=\"LT\" style=\"font-size: 10pt; mso-ansi-language: lt\"><font color=\"#000000\" face=\"Times New Roman\"> <a href=\"mailto:santarves.mokykla@gmail.com\">santarves.mokykla@gmail.com<\/a> <\/font><\/span><\/b>\n<\/p>\n<p class=\"MsoNormal\" style=\"margin: 0cm 0cm 0pt;\">\n\t&nbsp;\n<\/p>\n<ul>\n<li>\n\t\t<span style=\"font-size:14px;\"><span style=\"font-family: times new roman,times,serif;\">Mokymo kalba &ndash; rus\u0173 kalba.<\/span><\/span>\n\t<\/li>\n<li>\n\t\t<span style=\"font-size:14px;\"><span style=\"font-family: times new roman,times,serif;\">Gimnazijos teisin\u0117 forma &ndash; savivaldyb\u0117s biud\u017eetin\u0117 \u012fstaiga, turinti vie&scaron;ojo juridinio asmens status\u0105.<\/span><\/span>\n\t<\/li>\n<li>\n\t\t<span style=\"font-size:14px;\"><span style=\"font-family: times new roman,times,serif;\">Gimnazija vykdo prie&scaron;mokyklinio, pradinio, pagrindinio, vidurinio ugdymo bei suaugusi\u0173j\u0173 vidurinio ugdymo programas.<\/span><\/span>\n\t<\/li>\n<\/ul>\n<p style=\"text-align: center;\">\n\t<span style=\"font-family:times new roman,times,serif;\"><a href=\"http:\/\/www.santarves.salcininkai.lm.lt\/wp-content\/uploads\/2011\/03\/gimnazijos-valdymo-struktura.docx\" rel=\"\">GIMNAZIJOS VALDYMO STRUKT\u016aRA<\/a><\/span>\n<\/p>\n<p>\n\t&nbsp;\n<\/p>\n<p class=\"MsoNormal\" style=\"margin: 0cm 0cm 0pt;\">\n\t&nbsp;\n<\/p>\n<p class=\"MsoNormal\" style=\"margin: 0cm 0cm 0pt;\">\n\t<!--[if gte mso 9]><xml>\n <w:WordDocument>\n  <w:View>Normal<\/w:View>\n  <w:Zoom>0<\/w:Zoom>\n  <w:TrackMoves\/>\n  <w:TrackFormatting\/>\n  <w:HyphenationZone>19<\/w:HyphenationZone>\n  <w:PunctuationKerning\/>\n  <w:ValidateAgainstSchemas\/>\n  <w:SaveIfXMLInvalid>false<\/w:SaveIfXMLInvalid>\n  <w:IgnoreMixedContent>false<\/w:IgnoreMixedContent>\n  <w:AlwaysShowPlaceholderText>false<\/w:AlwaysShowPlaceholderText>\n  <w:DoNotPromoteQF\/>\n  <w:LidThemeOther>LT<\/w:LidThemeOther>\n  <w:LidThemeAsian>X-NONE<\/w:LidThemeAsian>\n  <w:LidThemeComplexScript>X-NONE<\/w:LidThemeComplexScript>\n  <w:Compatibility>\n   <w:BreakWrappedTables\/>\n   <w:SnapToGridInCell\/>\n   <w:WrapTextWithPunct\/>\n   <w:UseAsianBreakRules\/>\n   <w:DontGrowAutofit\/>\n   <w:SplitPgBreakAndParaMark\/>\n   <w:DontVertAlignCellWithSp\/>\n   <w:DontBreakConstrainedForcedTables\/>\n   <w:DontVertAlignInTxbx\/>\n   <w:Word11KerningPairs\/>\n   <w:CachedColBalance\/>\n  <\/w:Compatibility>\n  <w:BrowserLevel>MicrosoftInternetExplorer4<\/w:BrowserLevel>\n  <m:mathPr>\n   <m:mathFont m:val=\"Cambria Math\"\/>\n   <m:brkBin m:val=\"before\"\/>\n   <m:brkBinSub m:val=\"&#45;-\"\/>\n   <m:smallFrac m:val=\"off\"\/>\n   <m:dispDef\/>\n   <m:lMargin m:val=\"0\"\/>\n   <m:rMargin m:val=\"0\"\/>\n   <m:defJc m:val=\"centerGroup\"\/>\n   <m:wrapIndent m:val=\"1440\"\/>\n   <m:intLim m:val=\"subSup\"\/>\n   <m:naryLim m:val=\"undOvr\"\/>\n  <\/m:mathPr><\/w:WordDocument>\n<\/xml><![endif]--><\/p>\n","protected":false},"excerpt":{"rendered":"<p>Informacija atnaujinta 2017-04-21 &nbsp; &Scaron;AL\u010cININK\u0172 &bdquo;SANTARV\u0116S&ldquo; GIMNAZIJA, kodas 191415943 &nbsp; ADRESAS Vytauto g. 35, LT-17106, &Scaron;al\u010dininkai Tel. +370 380 52 878 El.pa&scaron;tas&nbsp; santarves.mokykla@gmail.com &nbsp; Mokymo kalba &ndash; rus\u0173 kalba. Gimnazijos teisin\u0117 forma &ndash; savivaldyb\u0117s biud\u017eetin\u0117 \u012fstaiga, turinti vie&scaron;ojo juridinio asmens status\u0105. Gimnazija vykdo prie&scaron;mokyklinio, pradinio, pagrindinio, vidurinio ugdymo bei suaugusi\u0173j\u0173 vidurinio ugdymo programas. GIMNAZIJOS VALDYMO [&hellip;]<\/p>\n","protected":false},"author":1,"featured_media":0,"parent":0,"menu_order":4,"comment_status":"closed","ping_status":"closed","template":"","meta":{"ngg_post_thumbnail":0},"_links":{"self":[{"href":"http:\/\/www.santarves.salcininkai.lm.lt\/index.php?rest_route=\/wp\/v2\/pages\/43"}],"collection":[{"href":"http:\/\/www.santarves.salcininkai.lm.lt\/index.php?rest_route=\/wp\/v2\/pages"}],"about":[{"href":"http:\/\/www.santarves.salcininkai.lm.lt\/index.php?rest_route=\/wp\/v2\/types\/page"}],"author":[{"embeddable":true,"href":"http:\/\/www.santarves.salcininkai.lm.lt\/index.php?rest_route=\/wp\/v2\/users\/1"}],"replies":[{"embeddable":true,"href":"http:\/\/www.santarves.salcininkai.lm.lt\/index.php?rest_route=%2Fwp%2Fv2%2Fcomments&post=43"}],"version-history":[{"count":11,"href":"http:\/\/www.santarves.salcininkai.lm.lt\/index.php?rest_route=\/wp\/v2\/pages\/43\/revisions"}],"predecessor-version":[{"id":2822,"href":"http:\/\/www.santarves.salcininkai.lm.lt\/index.php?rest_route=\/wp\/v2\/pages\/43\/revisions\/2822"}],"wp:attachment":[{"href":"http:\/\/www.santarves.salcininkai.lm.lt\/index.php?rest_route=%2Fwp%2Fv2%2Fmedia&parent=43"}],"curies":[{"name":"wp","href":"https:\/\/api.w.org\/{rel}","templated":true}]}}