{"id":5083,"date":"2021-02-19T14:26:03","date_gmt":"2021-02-19T12:26:03","guid":{"rendered":"http:\/\/www.santarves.salcininkai.lm.lt\/?page_id=5083"},"modified":"2022-07-19T11:48:16","modified_gmt":"2022-07-19T09:48:16","slug":"kokybes-krepselis","status":"publish","type":"page","link":"http:\/\/www.santarves.salcininkai.lm.lt\/?page_id=5083","title":{"rendered":"Kokyb\u0117s krep\u0161elis"},"content":{"rendered":"\n<div class=\"wp-block-image\"><figure class=\"aligncenter size-large is-resized\"><a href=\"http:\/\/www.santarves.salcininkai.lm.lt\/wp-content\/uploads\/2021\/02\/KK_projekto_logo.jpg\"><img decoding=\"async\" loading=\"lazy\" src=\"http:\/\/www.santarves.salcininkai.lm.lt\/wp-content\/uploads\/2021\/02\/KK_projekto_logo.jpg\" alt=\"\" class=\"wp-image-5085\" width=\"258\" height=\"117\" srcset=\"http:\/\/www.santarves.salcininkai.lm.lt\/wp-content\/uploads\/2021\/02\/KK_projekto_logo.jpg 725w, http:\/\/www.santarves.salcininkai.lm.lt\/wp-content\/uploads\/2021\/02\/KK_projekto_logo-300x137.jpg 300w\" sizes=\"(max-width: 258px) 100vw, 258px\" \/><\/a><\/figure><\/div>\n\n\n\n<p class=\"has-medium-font-size\">\u0160al\u010dinink\u0173 \u201eSantarv\u0117s\u201c gimnazija dalyvauja projekte <strong>\u201eKokyb\u0117s krep\u0161elis\u201c NR. 09.2.1-ESFA-V-719-01-0001<\/strong>.<\/p>\n\n\n\n<p><strong>Projekto tikslas \u2013 pagerinti mokini\u0173 ugdymosi pasiekimus, \u012fgyvendinant poky\u010dius savivaldyb\u0117se ir mokyklose.<\/strong><\/p>\n\n\n\n<p><img decoding=\"async\" class=\"wp-image-5089\" style=\"width: NaNpx;\" src=\"http:\/\/www.santarves.salcininkai.lm.lt\/wp-content\/uploads\/2021\/02\/KK-planas-skwenuotas-2.pdf\" alt=\"\"><\/p>\n\n\n\n<div class=\"wp-block-file\"><a href=\"http:\/\/www.santarves.salcininkai.lm.lt\/wp-content\/uploads\/2021\/02\/KK-planas-skwenuotas-3.pdf\">Veiklos tobulinimo planas<\/a><a href=\"http:\/\/www.santarves.salcininkai.lm.lt\/wp-content\/uploads\/2021\/02\/KK-planas-skwenuotas-3.pdf\" class=\"wp-block-file__button\" download>Parsisi\u0173sti<\/a><\/div>\n\n\n\n<div class=\"wp-block-file\"><a href=\"http:\/\/www.santarves.salcininkai.lm.lt\/wp-content\/uploads\/2021\/10\/Kokybes_krepselis-2021-2022-2.pdf\">Veiklos tobulinimo planas 2021-2022 m.m<\/a><a href=\"http:\/\/www.santarves.salcininkai.lm.lt\/wp-content\/uploads\/2021\/10\/Kokybes_krepselis-2021-2022-2.pdf\" class=\"wp-block-file__button\" download>Parsisi\u0173sti<\/a><\/div>\n\n\n\n<p><strong>VEIKLOS<\/strong><\/p>\n\n\n\n<p><strong>Kvalifikacijos tobulinimo programa:<\/strong><\/p>\n\n\n\n<p>Organizuoti 3 seminarai i\u0161 5 tema &#8222;\u0160iuolaikin\u0117s pamokos vadyba ir aktyvus kiekvieno mokinio mokymasis&#8221;:<\/p>\n\n\n\n<p>2020-12-28 \u201ePagrindiniai reikalavimai \u0161iuolaikinei pamokai\u201c.<\/p>\n\n\n\n<p>2021-02-15 \u201ePatraukli\u0173 aktyvi\u0173 veikl\u0173 (metod\u0173), pa\u017eangos ir pasiekim\u0173 vertinimo bei mokini\u0173 \u012fsivertinimo metodik\u0173 s\u0117kmi\u0173 pavyzd\u017eiai, kurie pad\u0117jo pagerinti mokini\u0173 pasiekimus\u201c.<\/p>\n\n\n\n<p>2021-02-19 \u201eUgdymo turinio diferencijavimas, individualizavimas\u201c.<\/p>\n\n\n\n<hr class=\"wp-block-separator\"\/>\n\n\n\n<p><strong>Pagalba 1-8 klasi\u0173 \u012fvairi\u0173 geb\u0117jim\u0173 mokiniams<\/strong><\/p>\n\n\n\n<p>Nuo spalio 5 d. vyksta konsultacijos 1-8 klasi\u0173 mokiniams.<\/p>\n\n\n\n<p>Pradinio ugdymo dalyk\u0173, gimtosios (rus\u0173) kalbos, lietuvi\u0173 kalbos, matematikos konsultacijas veda 11 mokytoj\u0173 pagal sudaryt\u0105 tvarkara\u0161t\u012f. <\/p>\n\n\n\n<p>Iki 2021 m. vasario m\u0117n.  pravesta 136 konsultacij\u0173.<\/p>\n\n\n\n<hr class=\"wp-block-separator\"\/>\n\n\n\n<p><strong>Skaitmeniniai i\u0161tekliai<\/strong><\/p>\n\n\n\n<p>\u012esigytos Eduka licencijos: 38 licencijos mokiniams, 4 \u2013 mokytojams. Platforma naudojama matematikos, lietuvi\u0173 kalbos, angl\u0173 kalbos, chemijos pamokose. <\/p>\n\n\n\n<p>\u012esigytos 8 web-kameros, kurios naudojamos teikiant pagalb\u0105 ir organizuojant ugdym\u0105 nuotoliniu b\u016bdu.<\/p>\n\n\n\n<hr class=\"wp-block-separator\"\/>\n\n\n\n<p><strong>Projektin\u0117 veikla<\/strong><\/p>\n\n\n\n<p>Nuo 2020 m. lapkri\u010dio m\u0117n. vykdomas ilgalaikis projektas \u201eTyrim\u0173 ir eksperiment\u0173 laboratorija 5-8 klasi\u0173 mokiniams\u201c. Sudarytas projekt\u0173 veikl\u0173 planas. Nuotolinio ugdymo metu projekto veiklos perkeltos \u012f virtuali\u0105 aplink\u0105. Dalyvauja 22 mokiniai, vykdo 2 gamtos moksl\u0173 mokytojos, 2 val. per sav.<\/p>\n\n\n\n<hr class=\"wp-block-separator\"\/>\n\n\n\n<p><strong>Gabi\u0173 ir talenting\u0173 mokini\u0173 atpa\u017einimas<\/strong><\/p>\n\n\n\n<p>2021 m. vasario 17 d. vyko mokytoj\u0173, dirban\u010di\u0173 4-8 klas\u0117se, grupin\u0117 konsultacija su gimnazijos psichologe&nbsp; \u201eGabi\u0173 ir talenting\u0173 mokini\u0173 atpa\u017einimas\u201c.<\/p>\n\n\n\n<hr class=\"wp-block-separator\"\/>\n\n\n\n<p><strong>Bendradarbiavimas, dalijimasis patirtimis, pamok\u0173 aptarimas<\/strong>  <\/p>\n\n\n\n<p>2020 m. lapkri\u010dio &#8211; gruod\u017eio m\u0117n.  10 mokytoj\u0173 steb\u0117jo ir aptar\u0117 20 koleg\u0173 pamok\u0173.<br>5-8 klasi\u0173 vadovai organizuoja tri\u0161alius pokalbius su mokiniais ir j\u0173 t\u0117vais (iki lapkri\u010dio 30 d. pokalbiuose dalyvavo 13 proc. t\u0117v\u0173)<\/p>\n\n\n\n<hr class=\"wp-block-separator\"\/>\n\n\n\n<p style=\"font-size:22px\"><strong>K\u016brybinis mokini\u0173 mokymasis projektin\u0117je veikloje<\/strong> (s\u0117km\u0117s istorija) <\/p>\n\n\n\n<div class=\"wp-block-file\"><a href=\"http:\/\/www.santarves.salcininkai.lm.lt\/wp-content\/uploads\/2022\/07\/KK_sekmes_istorija.pdf\" class=\"wp-block-file__button\" download>Parsisi\u0173sti<\/a><\/div>\n\n\n\n<hr class=\"wp-block-separator\"\/>\n","protected":false},"excerpt":{"rendered":"<p>\u0160al\u010dinink\u0173 \u201eSantarv\u0117s\u201c gimnazija dalyvauja projekte \u201eKokyb\u0117s krep\u0161elis\u201c NR. 09.2.1-ESFA-V-719-01-0001. Projekto tikslas \u2013 pagerinti mokini\u0173 ugdymosi pasiekimus, \u012fgyvendinant poky\u010dius savivaldyb\u0117se ir mokyklose. VEIKLOS Kvalifikacijos tobulinimo programa: Organizuoti 3 seminarai i\u0161 5 tema &#8222;\u0160iuolaikin\u0117s pamokos vadyba ir aktyvus kiekvieno mokinio mokymasis&#8221;: 2020-12-28 \u201ePagrindiniai reikalavimai \u0161iuolaikinei pamokai\u201c. 2021-02-15 \u201ePatraukli\u0173 aktyvi\u0173 veikl\u0173 (metod\u0173), pa\u017eangos ir pasiekim\u0173 vertinimo bei mokini\u0173 [&hellip;]<\/p>\n","protected":false},"author":1,"featured_media":0,"parent":0,"menu_order":9,"comment_status":"closed","ping_status":"closed","template":"","meta":{"ngg_post_thumbnail":0},"_links":{"self":[{"href":"http:\/\/www.santarves.salcininkai.lm.lt\/index.php?rest_route=\/wp\/v2\/pages\/5083"}],"collection":[{"href":"http:\/\/www.santarves.salcininkai.lm.lt\/index.php?rest_route=\/wp\/v2\/pages"}],"about":[{"href":"http:\/\/www.santarves.salcininkai.lm.lt\/index.php?rest_route=\/wp\/v2\/types\/page"}],"author":[{"embeddable":true,"href":"http:\/\/www.santarves.salcininkai.lm.lt\/index.php?rest_route=\/wp\/v2\/users\/1"}],"replies":[{"embeddable":true,"href":"http:\/\/www.santarves.salcininkai.lm.lt\/index.php?rest_route=%2Fwp%2Fv2%2Fcomments&post=5083"}],"version-history":[{"count":7,"href":"http:\/\/www.santarves.salcininkai.lm.lt\/index.php?rest_route=\/wp\/v2\/pages\/5083\/revisions"}],"predecessor-version":[{"id":5880,"href":"http:\/\/www.santarves.salcininkai.lm.lt\/index.php?rest_route=\/wp\/v2\/pages\/5083\/revisions\/5880"}],"wp:attachment":[{"href":"http:\/\/www.santarves.salcininkai.lm.lt\/index.php?rest_route=%2Fwp%2Fv2%2Fmedia&parent=5083"}],"curies":[{"name":"wp","href":"https:\/\/api.w.org\/{rel}","templated":true}]}}