{"id":5737,"date":"2022-03-27T19:52:07","date_gmt":"2022-03-27T17:52:07","guid":{"rendered":"http:\/\/www.santarves.salcininkai.lm.lt\/?page_id=5737"},"modified":"2022-07-19T11:32:58","modified_gmt":"2022-07-19T09:32:58","slug":"valstybines-kalbos-mokejimo-ir-lr-konstitucijos-pagrindu-egzaminai","status":"publish","type":"page","link":"http:\/\/www.santarves.salcininkai.lm.lt\/?page_id=5737","title":{"rendered":"Valstybin\u0117s kalbos mok\u0117jimo ir LR Konstitucijos pagrind\u0173 egzaminai"},"content":{"rendered":"\n<p style=\"font-size:24px\"><a href=\"https:\/\/www.nsa.smm.lt\/stebesenos-ir-vertinimo-departamentas\/pasiekimu-patikrinimai\/kiti-egzaminai\/valstybines-kalbos-mokejimo-ir-lr-konstitucijos-pagrindu-egzaminai\/\">Valstybin\u0117s kalbos mok\u0117jimo ir LR Konstitucijos pagrind\u0173 egzaminai<\/a><\/p>\n\n\n\n<hr class=\"wp-block-separator\"\/>\n\n\n\n<p class=\"has-text-align-center\"><strong>APMOK\u0116JIMAS U\u017d VALSTYBIN\u0116S KALBOS EGZAMIN\u0104 IR KONSTITUCIJOS PAGRIND\u0172 EGZAMIN\u0104<\/strong><\/p>\n\n\n\n<p><strong><br><\/strong>Gav\u0117jas: Valstybin\u0117 mokes\u010di\u0173 inspekcija<\/p>\n\n\n\n<figure class=\"wp-block-table\"><table><tbody><tr><td><strong>S\u0104SKAITOS NR.<\/strong><\/td><td><strong>BANKO KODAS<\/strong><\/td><td><strong>BANKO PAVADINIMAS<\/strong><\/td><td><strong>SWIFT KODAS<\/strong><\/td><\/tr><tr><td>LT78 7290 0000 0013 0151<\/td><td>72900<\/td><td>AS \u201eCitadele banka\u201c Lietuvos filialas<\/td><td>INDULT2X<\/td><\/tr><tr><td>LT05 7044 0600 0788 7175<\/td><td>70440<\/td><td>AB SEB bankas<\/td><td>CBVILT2X<\/td><\/tr><tr><td>LT32 7180 0000 0014 1038<\/td><td>71800<\/td><td>AB \u0160iauli\u0173 bankas<\/td><td>CBSBLT26<\/td><\/tr><tr><td>LT74 4010 0510 0132 4763<\/td><td>40100<\/td><td>Luminor Bank AS Lietuvos skyrius<\/td><td>AGBLLT2X<\/td><\/tr><tr><td>LT24 7300 0101 1239 4300<\/td><td>73000<\/td><td>\u201eSwedbank\u201c AB<\/td><td>HABALT22<\/td><\/tr><tr><td>LT42 7230 0000 0012 0025<\/td><td>72300<\/td><td>UAB Medicinos bankas<\/td><td>MDBALT22<\/td><\/tr><\/tbody><\/table><\/figure>\n\n\n\n<p>Paskirtis: U\u017e Valstybin\u0117s kalbos egzamin\u0105 \/ U\u017e LR Konstitucijos pagrind\u0173 egzamin\u0105<\/p>\n\n\n\n<p>\u012emokos kodas: 53085<\/p>\n\n\n\n<p>\u012emokos dydis u\u017e Valstybin\u0117s kalbos egzamin\u0105 \u2013 29,00 Eur<br>\u012emokos dydis u\u017e LR Konstitucijos pagrind\u0173 egzamin\u0105 \u2013 14,00 Eur<\/p>\n\n\n\n<p><a href=\"https:\/\/e-seimas.lrs.lt\/portal\/legalAct\/lt\/TAD\/4b368d10f7aa11ecbfe9c72e552dd5bd\" target=\"_blank\" rel=\"noreferrer noopener\">678 D\u0117l Lietuvos Respublikos Vyriausyb\u0117s 2000 m. gruod\u017eio 15 d. nutarimo Nr. 1458 \u201eD\u0117l Konkre\u010di\u0173 vals&#8230; (lrs.lt)<\/a><\/p>\n\n\n\n<p>P. 4.628\u00a0<a rel=\"noreferrer noopener\" href=\"https:\/\/e-seimas.lrs.lt\/portal\/legalAct\/lt\/TAD\/TAIS.116101\/QEhSkeqlYY\" target=\"_blank\">1458 D\u0117l Konkre\u010di\u0173 valstyb\u0117s rinkliavos dyd\u017ei\u0173 s\u0105ra\u0161o ir Valstyb\u0117s rinkliavos mok\u0117jimo ir gr\u0105\u017einimo ta&#8230; (lrs.lt)<\/a><\/p>\n\n\n\n<hr class=\"wp-block-separator\"\/>\n\n\n\n<p><strong>Informacija:<\/strong><br>el. p. <a href=\"mailto:santarves.mokykla@gmail.com\">santarves.mokykla@gmail.com<\/a>,  tel. +37038052878<br>Komisijos pirminink\u0117 \u2013 Inga Marci\u0161evska, \u0160al\u010dinink\u0173 \u201eSantarv\u0117s\u201c gimnazijos direktor\u0117<\/p>\n","protected":false},"excerpt":{"rendered":"<p>Valstybin\u0117s kalbos mok\u0117jimo ir LR Konstitucijos pagrind\u0173 egzaminai APMOK\u0116JIMAS U\u017d VALSTYBIN\u0116S KALBOS EGZAMIN\u0104 IR KONSTITUCIJOS PAGRIND\u0172 EGZAMIN\u0104 Gav\u0117jas: Valstybin\u0117 mokes\u010di\u0173 inspekcija S\u0104SKAITOS NR. BANKO KODAS BANKO PAVADINIMAS SWIFT KODAS LT78 7290 0000 0013 0151 72900 AS \u201eCitadele banka\u201c Lietuvos filialas INDULT2X LT05 7044 0600 0788 7175 70440 AB SEB bankas CBVILT2X LT32 7180 0000 0014 [&hellip;]<\/p>\n","protected":false},"author":1,"featured_media":0,"parent":0,"menu_order":12,"comment_status":"closed","ping_status":"closed","template":"","meta":{"ngg_post_thumbnail":0},"_links":{"self":[{"href":"http:\/\/www.santarves.salcininkai.lm.lt\/index.php?rest_route=\/wp\/v2\/pages\/5737"}],"collection":[{"href":"http:\/\/www.santarves.salcininkai.lm.lt\/index.php?rest_route=\/wp\/v2\/pages"}],"about":[{"href":"http:\/\/www.santarves.salcininkai.lm.lt\/index.php?rest_route=\/wp\/v2\/types\/page"}],"author":[{"embeddable":true,"href":"http:\/\/www.santarves.salcininkai.lm.lt\/index.php?rest_route=\/wp\/v2\/users\/1"}],"replies":[{"embeddable":true,"href":"http:\/\/www.santarves.salcininkai.lm.lt\/index.php?rest_route=%2Fwp%2Fv2%2Fcomments&post=5737"}],"version-history":[{"count":6,"href":"http:\/\/www.santarves.salcininkai.lm.lt\/index.php?rest_route=\/wp\/v2\/pages\/5737\/revisions"}],"predecessor-version":[{"id":5877,"href":"http:\/\/www.santarves.salcininkai.lm.lt\/index.php?rest_route=\/wp\/v2\/pages\/5737\/revisions\/5877"}],"wp:attachment":[{"href":"http:\/\/www.santarves.salcininkai.lm.lt\/index.php?rest_route=%2Fwp%2Fv2%2Fmedia&parent=5737"}],"curies":[{"name":"wp","href":"https:\/\/api.w.org\/{rel}","templated":true}]}}