{"id":6215,"date":"2023-03-10T12:03:30","date_gmt":"2023-03-10T10:03:30","guid":{"rendered":"http:\/\/www.santarves.salcininkai.lm.lt\/?page_id=6215"},"modified":"2024-10-08T14:17:38","modified_gmt":"2024-10-08T12:17:38","slug":"duomenu-apsauga","status":"publish","type":"page","link":"http:\/\/www.santarves.salcininkai.lm.lt\/?page_id=6215","title":{"rendered":"Duomen\u0173 apsauga"},"content":{"rendered":"\n<p>Duomen\u0173 valdytojas, \u012fgyvendindamas Bendrajame duomen\u0173 apsaugos reglamente \u012ftvirtintus su asmens duomen\u0173 tvarkymu susijusius principus ir siekdamas u\u017etikrinti, kad asmens duomenys duomen\u0173 subjekto at\u017evilgiu b\u016bt\u0173 tvarkomi s\u0105\u017einingu ir skaidriu b\u016bdu, skelbia informacij\u0105 apie vykdom\u0105 asmens duomen\u0173 tvarkym\u0105.<\/p>\n\n\n\n<p><strong>Duomen\u0173 valdytojo kontaktai:<\/strong><\/p>\n\n\n\n<p>\u0160al\u010dinink\u0173 \u201eSantarv\u0117s\u201c gimnazija<\/p>\n\n\n\n<p>Vytauto g. 35, 17106 \u0160al\u010dininkai<\/p>\n\n\n\n<p>El. p. santarves.mokykla@gmail.com<\/p>\n\n\n\n<p>Tel. nr. +370 380 52878<\/p>\n\n\n\n<p><strong>Duomen\u0173 apsaugos pareig\u016bno kontaktai:<\/strong><\/p>\n\n\n\n<p>MB \u201eDuomen\u0173 sauga\u201c<\/p>\n\n\n\n<p>El. p. dap@duomenu-sauga.lt<\/p>\n\n\n\n<p>Tel. nr. +370 67243319<\/p>\n\n\n\n<p>Visais klausimais, susijusiais su duomen\u0173 subjekto asmens duomen\u0173 tvarkymu ir naudojimusi savo teis\u0117mis, duomen\u0173 subjektas turi teis\u0119 kreiptis \u012f duomen\u0173 apsaugos pareig\u016bn\u0105 auk\u0161\u010diau nurodytais kontaktais arba pa\u0161tu pateikiant duomen\u0173 valdytojo adresu. Siekiant u\u017etikrinti konfidencialum\u0105, kreipiantis \u012f duomen\u0173 apsaugos pareig\u016bn\u0105 pa\u0161tu, ant voko u\u017era\u0161oma, kad korespondencija skirta duomen\u0173 apsaugos pareig\u016bnui.<\/p>\n\n\n\n<p><strong>Duomen\u0173 subjektas turi \u0161ias teises, nurodytas Bendrajame duomen\u0173 apsaugos reglamente:<\/strong><\/p>\n\n\n\n<p>1) gauti informacij\u0105 apie savo asmens duomen\u0173 tvarkym\u0105;<\/p>\n\n\n\n<p>2) susipa\u017einti su savo asmens duomenimis;<\/p>\n\n\n\n<p>3) at\u0161aukti savo sutikim\u0105 tvarkyti asmens duomenis;<\/p>\n\n\n\n<p>4) pra\u0161yti i\u0161taisyti netikslius, papildyti nei\u0161samius asmens duomenis;<\/p>\n\n\n\n<p>5) pra\u0161yti i\u0161trinti (teis\u0117 \u201eb\u016bti pamir\u0161tam\u201c) su duomen\u0173 subjektu susijusius asmens duomenis, jei tai galima pagr\u012fsti viena i\u0161 prie\u017eas\u010di\u0173, numatyt\u0173 Bendrojo duomen\u0173 apsaugos reglamento 17 straipsnio 1 dalyje;<\/p>\n\n\n\n<p>6) pra\u0161yti apriboti savo asmens duomen\u0173 tvarkym\u0105, kai taikomas vienas i\u0161 atvej\u0173, numatyt\u0173 Bendrojo duomen\u0173 apsaugos reglamento 18 straipsnio 1 dalyje;<\/p>\n\n\n\n<p>7) teis\u0119 \u012f duomen\u0173 perkeliamum\u0105;<\/p>\n\n\n\n<p>8) nesutikti, kad su juo susij\u0119 asmens duomenys b\u016bt\u0173 tvarkomi;<\/p>\n\n\n\n<p>9) pateikti skund\u0105 prie\u017ei\u016bros institucijai (Valstybinei duomen\u0173 apsaugos inspekcijai (L. Sapiegos g. 17, Vilnius, el. pa\u0161tas ada@ada.lt, interneto svetain\u0117 <a href=\"http:\/\/www.ada.lt)\">www.ada.lt)<\/a>).<\/p>\n\n\n\n<p><strong>Duomen\u0173 subjekt\u0173 teisi\u0173 \u012fgyvendinimas<\/strong><\/p>\n\n\n\n<p>Duomen\u0173 subjektai, siekdami \u012fgyvendinti savo teises, gimnazijai turi pateikti ra\u0161ytin\u012f pra\u0161ym\u0105 asmeni\u0161kai, pa\u0161tu ar elektroniniu b\u016bdu ir patvirtinti savo asmens tapatyb\u0119. \u017demiau pateikta rekomenduojama kreipimosi forma, kuria duomen\u0173 subjektas gali pasinaudoti.<\/p>\n\n\n<p><a href=\"http:\/\/www.santarves.salcininkai.lm.lt\/wp-content\/uploads\/2024\/10\/Rekomenduojama-duomenu-subjekto-teisiu-igyvendinimo-forma.docx\">Rekomenduojama duomen\u0173 subjekto teisi\u0173 \u012fgyvendinimo forma<\/a><\/p>\n\n\n<p>Pra\u0161ymas turi b\u016bti \u012fskaitomas, asmens pasira\u0161ytas, jame turi b\u016bti nurodytas duomen\u0173 subjekto vardas, pavard\u0117, gyvenamoji vieta, duomenys ry\u0161iui palaikyti ir informacija apie tai, koki\u0105 i\u0161 teisi\u0173 ir kokia apimtimi duomen\u0173 subjektas pageidauja \u012fgyvendinti.<\/p>\n\n\n\n<p>Pateikdamas pra\u0161ym\u0105, duomen\u0173 subjektas privalo patvirtinti savo tapatyb\u0119: 1) pateikdamas ra\u0161ytin\u012f pra\u0161ym\u0105 duomen\u0173 valdytojo darbuotojui, registruojan\u010diam pra\u0161ym\u0105, turi pateikti asmens tapatyb\u0119 patvirtinant\u012f dokument\u0105; 2) pateikdamas pra\u0161ym\u0105 pa\u0161tu ar per pasiuntin\u012f, kartu turi pateikti asmens tapatyb\u0119 patvirtinan\u010dio dokumento kopij\u0105, patvirtint\u0105 notaro, ar \u0161io dokumento kopij\u0105, patvirtint\u0105 kita teis\u0117s akt\u0173 nustatyta tvarka; 3) pateikdamas pra\u0161ym\u0105 elektronini\u0173 ry\u0161i\u0173 priemon\u0117mis, turi pasira\u0161yti j\u012f elektroniniu para\u0161u.<\/p>\n\n\n\n<p>Jei atstovaujamo duomen\u0173 subjekto vardu \u012f duomen\u0173 valdytoj\u0105 kreipiasi asmens atstovas, jis savo pra\u0161yme turi nurodyti savo vard\u0105, pavard\u0119, gyvenam\u0105j\u0105 viet\u0105, duomenis ry\u0161iui palaikyti, taip pat atstovaujamo asmens vard\u0105, pavard\u0119, gyvenam\u0105j\u0105 viet\u0105, informacij\u0105 apie tai, koki\u0105 duomen\u0173 subjekto teis\u0119 ir kokia apimtimi pageidaujama \u012fgyvendinti, ir prid\u0117ti atstovavim\u0105 patvirtinant\u012f dokument\u0105, patvirtint\u0105 notaro, ar jo kopij\u0105.<\/p>\n\n\n\n<p>Detali\u0105 informacij\u0105 apie duomen\u0173 subjekt\u0173 teisi\u0173 \u012fgyvendinim\u0105 bei asmens duomen\u0173 tvarkym\u0105 galima rasti \u017eemiau esan\u010diose Asmens duomen\u0173 tvarkymo taisykl\u0117se.<\/p>\n\n\n<p><a href=\"http:\/\/www.santarves.salcininkai.lm.lt\/wp-content\/uploads\/2024\/10\/Asmens-duomenu-tvarkymo-taisykles.docx\">Asmens duomen\u0173 tvarkymo taisykl\u0117s<\/a><\/p>\n<p><a href=\"http:\/\/www.santarves.salcininkai.lm.lt\/wp-content\/uploads\/2024\/10\/Vaizdo-duomenu-tvarkymo-taisykles.docx\">Vaizdo duomen\u0173 tvarkymo taisykl\u0117s<\/a><\/p>\n<p><a href=\"http:\/\/www.santarves.salcininkai.lm.lt\/wp-content\/uploads\/2024\/10\/Priedas-Nr.-2.pdf\">Informacija apie duomen\u0173 tvarkym\u0105 (darbuotojams)<\/a><\/p>\n<p><a href=\"http:\/\/www.santarves.salcininkai.lm.lt\/wp-content\/uploads\/2024\/10\/Priedas-Nr.-4.pdf\">Informacija apie duomen\u0173 tvarkym\u0105 (ugdytiniams ir j\u0173 atstovams)<\/a><\/p>\n<p><a href=\"http:\/\/www.santarves.salcininkai.lm.lt\/wp-content\/uploads\/2024\/10\/Priedas-Nr.-6.pdf\">Informacija apie duomen\u0173 tvarkym\u0105 (kandidatams \u012f darbuotojus)<\/a><\/p>\n<p><a href=\"http:\/\/www.santarves.salcininkai.lm.lt\/wp-content\/uploads\/2024\/10\/Priedas-Nr.-7.pdf\">Informacija apie duomen\u0173 tvarkym\u0105 (praktikantams)<\/a><\/p>\n<p><a href=\"http:\/\/www.santarves.salcininkai.lm.lt\/wp-content\/uploads\/2024\/10\/Priedas-Nr.-8.pdf\">Informacija apie duomen\u0173 tvarkym\u0105 (vie\u0161\u0173j\u0173 pirkim\u0173 dalyviams)<\/a><\/p>\n<p><a href=\"http:\/\/www.santarves.salcininkai.lm.lt\/wp-content\/uploads\/2024\/10\/Priedas-Nr.-9.pdf\">Informacija apie duomen\u0173 tvarkym\u0105 (pra\u0161ym\u0173, skund\u0173 ir kit\u0173 kreipim\u0173si nagrin\u0117jimas)<\/a><\/p>\n<p><a href=\"http:\/\/www.santarves.salcininkai.lm.lt\/wp-content\/uploads\/2024\/10\/Priedas-Nr.-10.pdf\">Informacija apie duomen\u0173 tvarkym\u0105 (turto nuomininkams)<\/a><\/p>\n<p><a href=\"http:\/\/www.santarves.salcininkai.lm.lt\/wp-content\/uploads\/2024\/10\/Priedas-Nr.-11.pdf\">Informacija apie duomen\u0173 tvarkym\u0105 (specializuotos ir (ar) kitos reikalingos pagalbos asmeniui suteikimo tikslu)<\/a><\/p>\n<p><a href=\"http:\/\/www.santarves.salcininkai.lm.lt\/wp-content\/uploads\/2024\/10\/Priedas-Nr.-12.pdf\">Informacija apie duomen\u0173 tvarkym\u0105 (sve\u010di\u0173 registracija)<\/a><\/p>\n<p>&nbsp;<\/p>\n\n\n<p><\/p>\n\n\n\n<p><\/p>\n\n\n\n<p>&#8212;&#8212;&#8212;&#8212;&#8212;&#8212;&#8212;&#8212;&#8212;&#8212;<\/p>\n\n\n<p><a href=\"http:\/\/www.santarves.salcininkai.lm.lt\/wp-content\/uploads\/2023\/03\/INTERNETO-SVETAINES-PRIVATUMO-IR-SLAPUKU-NAUDOJIMO-POLITIKA1.docx\" data-wplink-edit=\"true\">INTERNETO SVETAIN\u0116S PRIVATUMO IR SLAPUK\u0172 NAUDOJIMO&nbsp; POLITIKA<\/a><\/p>","protected":false},"excerpt":{"rendered":"<p>Duomen\u0173 valdytojas, \u012fgyvendindamas Bendrajame duomen\u0173 apsaugos reglamente \u012ftvirtintus su asmens duomen\u0173 tvarkymu susijusius principus ir siekdamas u\u017etikrinti, kad asmens duomenys duomen\u0173 subjekto at\u017evilgiu b\u016bt\u0173 tvarkomi s\u0105\u017einingu ir skaidriu b\u016bdu, skelbia informacij\u0105 apie vykdom\u0105 asmens duomen\u0173 tvarkym\u0105. Duomen\u0173 valdytojo kontaktai: \u0160al\u010dinink\u0173 \u201eSantarv\u0117s\u201c gimnazija Vytauto g. 35, 17106 \u0160al\u010dininkai El. p. santarves.mokykla@gmail.com Tel. nr. +370 380 52878 [&hellip;]<\/p>\n","protected":false},"author":1,"featured_media":0,"parent":0,"menu_order":14,"comment_status":"closed","ping_status":"closed","template":"","meta":{"ngg_post_thumbnail":0},"_links":{"self":[{"href":"http:\/\/www.santarves.salcininkai.lm.lt\/index.php?rest_route=\/wp\/v2\/pages\/6215"}],"collection":[{"href":"http:\/\/www.santarves.salcininkai.lm.lt\/index.php?rest_route=\/wp\/v2\/pages"}],"about":[{"href":"http:\/\/www.santarves.salcininkai.lm.lt\/index.php?rest_route=\/wp\/v2\/types\/page"}],"author":[{"embeddable":true,"href":"http:\/\/www.santarves.salcininkai.lm.lt\/index.php?rest_route=\/wp\/v2\/users\/1"}],"replies":[{"embeddable":true,"href":"http:\/\/www.santarves.salcininkai.lm.lt\/index.php?rest_route=%2Fwp%2Fv2%2Fcomments&post=6215"}],"version-history":[{"count":11,"href":"http:\/\/www.santarves.salcininkai.lm.lt\/index.php?rest_route=\/wp\/v2\/pages\/6215\/revisions"}],"predecessor-version":[{"id":6801,"href":"http:\/\/www.santarves.salcininkai.lm.lt\/index.php?rest_route=\/wp\/v2\/pages\/6215\/revisions\/6801"}],"wp:attachment":[{"href":"http:\/\/www.santarves.salcininkai.lm.lt\/index.php?rest_route=%2Fwp%2Fv2%2Fmedia&parent=6215"}],"curies":[{"name":"wp","href":"https:\/\/api.w.org\/{rel}","templated":true}]}}