{"id":7539,"date":"2025-09-21T21:11:30","date_gmt":"2025-09-21T19:11:30","guid":{"rendered":"http:\/\/www.santarves.salcininkai.lm.lt\/?page_id=7539"},"modified":"2025-09-23T13:16:16","modified_gmt":"2025-09-23T11:16:16","slug":"informacija-eksternams","status":"publish","type":"page","link":"http:\/\/www.santarves.salcininkai.lm.lt\/?page_id=7539","title":{"rendered":"Informacija eksternams"},"content":{"rendered":"\n<p><strong>Eksternas \u2013<\/strong> savivaldyb\u0117s vykdomosios institucijos savivaldyb\u0117s teritorijoje\u00a0ekstern\u0173 pra\u0161ymams laikyti dalyk\u0173 valstybini\u0173 brandos egzamin\u0173 dalis priimti, pakartotinei valstybini\u0173 brandos egzamin\u0173 sesijai organizuoti ir vykdyti\u00a0paskirtos mokyklos vadovui.<\/p>\n\n\n\n<p><strong>Bazin\u0117 mokykla<\/strong> \u2013 mokykla, priimanti ekstern\u0173 pra\u0161ymus laikyti valstybinius brandos egzaminus, organizuojanti ir vykdanti valstybini\u0173 brandos egzamin\u0173 pakartotin\u0119 sesij\u0105.<\/p>\n\n\n\n<p><a rel=\"noreferrer noopener\" href=\"https:\/\/e-seimas.lrs.lt\/portal\/legalAct\/lt\/TAD\/5cd065e050dd11ee8e3cc6ee348ebf6d\/asr\" target=\"_blank\">Valstybini\u0173 brandos egzamin\u0173 organizavimo ir vykdymo tvarkos apra\u0161as<\/a><\/p>\n\n\n<h4><a href=\"http:\/\/www.santarves.salcininkai.lm.lt\/wp-content\/uploads\/2025\/09\/Potvarkis-del-bazines-mokyklos.pdf\">\u0160AL\u010cININK\u0172 RAJONO SAVIVALDYB\u0116S MERO POTVARKIS &#8222;D\u0116L BAZIN\u0116S MOKYKLOS SKYRIMO&#8221;<\/a><\/h4>\n\n\n<hr class=\"wp-block-separator has-alpha-channel-opacity\"\/>\n\n\n\n<p>Eksternai, planuojantys laikyti brandos egzaminus 2025\u20132026 mokslo metais, turi pateikti pra\u0161ymus \u0160al\u010dinink\u0173 \u201eSantarv\u0117s\u201c gimnazijos direktorei <strong>iki \u0161. m. lapkri\u010dio 25 d.<\/strong><\/p>\n\n\n\n<p><strong>Eksternas kartu su pra\u0161ymu bazin\u0117s mokyklos vadovui privalo pateikti:<\/strong><\/p>\n\n\n\n<p><strong>1. vidurin\u012f i\u0161silavinim\u0105 liudijant\u012f dokument\u0105<\/strong> (brandos atestat\u0105, profesin\u0117s ar auk\u0161tesniosios mokyklos diplom\u0105, jei vidurinis i\u0161silavinimas \u012fgytas Lietuvoje);<\/p>\n\n\n\n<p><strong>2. u\u017esienio kvalifikacij\u0173<\/strong> atveju bent vien\u0105 nurodyt\u0173 dokument\u0173:<\/p>\n\n\n\n<p>2.1. \u0161vietimo, mokslo ir sporto ministro \u012fsakym\u0105 d\u0117l vidurinio i\u0161silavinimo pripa\u017einimo;<\/p>\n\n\n\n<p>2.2. Studij\u0173 kokyb\u0117s vertinimo centro pa\u017eym\u0105, kuria vidurin\u012f i\u0161silavinim\u0105 liudijanti kvalifikacija \u012fvertinta lygiaverte arba lygiaverte su s\u0105lyga, kad bus i\u0161laikyti valstybiniai brandos egzaminai;<\/p>\n\n\n\n<p>2.3. Studij\u0173 kokyb\u0117s vertinimo centro pa\u017eym\u0105, kuria u\u017esienio kvalifikacija pripa\u017einta (\u012fskaitant pripa\u017einim\u0105, suteikiant kvalifikacijos tur\u0117tojui tik tam tikras teises, bei pripa\u017einim\u0105 tik kartu su papildomais reikalavimais) lygiaverte Lietuvos Respublikoje teikiamam viduriniam i\u0161silavinimui;<\/p>\n\n\n\n<p><strong>3. u\u017esienio valstyb\u0117s ar tarptautin\u0117s organizacijos i\u0161duot\u0105 dokument\u0105,<\/strong> liudijant\u012f, kad asmuo mokosi u\u017esienio valstyb\u0117s ar tarptautin\u0117s organizacijos vidurinio ugdymo programos baigiamojoje klas\u0117je arba \u0161ios programos III gimnazijos ar jai prilygintoje klas\u0117je;<\/p>\n\n\n\n<p><strong>4. kvit\u0105<\/strong>, patvirtinant\u012f pinig\u0173 \u012fmok\u0105 u\u017e pasirinkt\u0173 valstybini\u0173 brandos egzamin\u0173 dali\u0173 laikym\u0105, i\u0161skyrus\u00a0u\u017esienio valstyb\u0117s ar tarptautin\u0117s organizacijos programos mokin\u012f.<\/p>\n\n\n\n<p>Pateik\u0119s pra\u0161ym\u0105, eksternas, i\u0161skyrus\u00a0u\u017esienio valstyb\u0117s ar tarptautin\u0117s organizacijos programos mokin\u012f,\u00a0sumoka <strong>20 eur\u0173 <\/strong>u\u017e kiekvien\u0105 pasirinkt\u0105 dalyko valstybinio brandos egzamino dal\u012f. Bazin\u0117 mokykla, gavusi eksterno pateiktus dokumentus, per 5 darbo dienas nuo pra\u0161ymo gavimo dienos\u00a0pasira\u0161ytinai eksternui atiduoda\u00a0Mokini\u0173 registro i\u0161 nesikartojan\u010dios atsitiktini\u0173 skai\u010di\u0173 sekos automatizuotu b\u016bdu sudaryt\u0105 identifikavimo kod\u0105.<\/p>\n\n\n\n<p><strong>Kontaktai pasiteirauti:<\/strong><\/p>\n\n\n\n<p>Atvykus \u012f gimnazij\u0105 adresu Vytauto g. 35, \u0160al\u010dininkai<\/p>\n\n\n\n<p>El. pa\u0161tu&nbsp;<a href=\"mailto:%73%61%6e%74%61%72%76%65%73%2e%6d%6f%6b%79%6b%6c%61%40%67%6d%61%69%6c%2e%63%6f%6d\">santarves.mokykla@gmail.com<\/a><\/p>\n\n\n\n<p>Tel. +370 380 52878<\/p>\n\n\n\n<p><strong>PASTABA. Informacija d\u0117l apmok\u0117jimo bus suteikta pateikus pra\u0161ym\u0105 gimnazijoje.<\/strong><\/p>\n","protected":false},"excerpt":{"rendered":"<p>Eksternas \u2013 savivaldyb\u0117s vykdomosios institucijos savivaldyb\u0117s teritorijoje\u00a0ekstern\u0173 pra\u0161ymams laikyti dalyk\u0173 valstybini\u0173 brandos egzamin\u0173 dalis priimti, pakartotinei valstybini\u0173 brandos egzamin\u0173 sesijai organizuoti ir vykdyti\u00a0paskirtos mokyklos vadovui. Bazin\u0117 mokykla \u2013 mokykla, priimanti ekstern\u0173 pra\u0161ymus laikyti valstybinius brandos egzaminus, organizuojanti ir vykdanti valstybini\u0173 brandos egzamin\u0173 pakartotin\u0119 sesij\u0105. Valstybini\u0173 brandos egzamin\u0173 organizavimo ir vykdymo tvarkos apra\u0161as \u0160AL\u010cININK\u0172 RAJONO SAVIVALDYB\u0116S [&hellip;]<\/p>\n","protected":false},"author":1,"featured_media":0,"parent":0,"menu_order":16,"comment_status":"closed","ping_status":"closed","template":"","meta":{"ngg_post_thumbnail":0},"_links":{"self":[{"href":"http:\/\/www.santarves.salcininkai.lm.lt\/index.php?rest_route=\/wp\/v2\/pages\/7539"}],"collection":[{"href":"http:\/\/www.santarves.salcininkai.lm.lt\/index.php?rest_route=\/wp\/v2\/pages"}],"about":[{"href":"http:\/\/www.santarves.salcininkai.lm.lt\/index.php?rest_route=\/wp\/v2\/types\/page"}],"author":[{"embeddable":true,"href":"http:\/\/www.santarves.salcininkai.lm.lt\/index.php?rest_route=\/wp\/v2\/users\/1"}],"replies":[{"embeddable":true,"href":"http:\/\/www.santarves.salcininkai.lm.lt\/index.php?rest_route=%2Fwp%2Fv2%2Fcomments&post=7539"}],"version-history":[{"count":6,"href":"http:\/\/www.santarves.salcininkai.lm.lt\/index.php?rest_route=\/wp\/v2\/pages\/7539\/revisions"}],"predecessor-version":[{"id":7549,"href":"http:\/\/www.santarves.salcininkai.lm.lt\/index.php?rest_route=\/wp\/v2\/pages\/7539\/revisions\/7549"}],"wp:attachment":[{"href":"http:\/\/www.santarves.salcininkai.lm.lt\/index.php?rest_route=%2Fwp%2Fv2%2Fmedia&parent=7539"}],"curies":[{"name":"wp","href":"https:\/\/api.w.org\/{rel}","templated":true}]}}