{"id":7680,"date":"2025-10-23T11:18:40","date_gmt":"2025-10-23T09:18:40","guid":{"rendered":"http:\/\/www.santarves.salcininkai.lm.lt\/?page_id=7680"},"modified":"2025-10-23T11:30:18","modified_gmt":"2025-10-23T09:30:18","slug":"praneseju-apsauga","status":"publish","type":"page","link":"http:\/\/www.santarves.salcininkai.lm.lt\/?page_id=7680","title":{"rendered":"Prane\u0161\u0117j\u0173 apsauga"},"content":{"rendered":"\n<p class=\"has-text-align-right has-small-font-size\"><em>Informacija atnaujinta 2025-10-23<\/em><\/p>\n\n\n\n<p><strong>Lietuvos Respublikos prane\u0161\u0117j\u0173 apsaugos \u012fstatymas <\/strong>\u012ftvirtina asmen\u0173, pateikusi\u0173 informacij\u0105 apie pa\u017eeidim\u0105 \u012fstaigoje, su kuria juos sieja ar siejo tarnybos ar darbo santykiai arba sutartiniai santykiai, apsaugos mechanizm\u0105. \u012estatymas taip pat nustato apie pa\u017eeidimus \u012fstaigose prane\u0161usi\u0173 asmen\u0173 teises ir pareigas, j\u0173 teisin\u0117s apsaugos pagrindus ir formas, taip pat \u0161i\u0173 asmen\u0173 apsaugos, skatinimo ir pagalbos jiems priemones, siekiant sudaryti tinkamas galimybes prane\u0161ti apie teis\u0117s pa\u017eeidimus, kelian\u010dius gr\u0117sm\u0119 vie\u0161ajam interesui arba j\u012f pa\u017eeid\u017eian\u010dius, u\u017etikrinti toki\u0173 pa\u017eeidim\u0173 prevencij\u0105 ir atskleidim\u0105.<\/p>\n\n\n\n<p><strong>Pa\u017eeidimas<\/strong> &#8211; \u012estaigoje galb\u016bt rengiama, daroma ar padaryta nusikalstama veikia, administracinis nusi\u017eengimas, tarnybinis nusi\u017eengimas ar darbo pareig\u0173 pa\u017eeidimas, taip pat \u0161iurk\u0161tus privalom\u0173 profesin\u0117s etikos norm\u0173 pa\u017eeidimas ar kitas gr\u0117sm\u0119 vie\u0161ajam interesui keliantis arba j\u012f pa\u017eeid\u017eiantis teis\u0117s pa\u017eeidimas, apie kuriuos prane\u0161\u0117jas su\u017eino i\u0161 savo turim\u0173 ar tur\u0117t\u0173 tarnybos, darbo santyki\u0173 arba sutartini\u0173 santyki\u0173 su \u0161ia \u012estaiga.<\/p>\n\n\n\n<p><strong>Prane\u0161\u0117jas<\/strong> &#8211; asmuo, kuris pateikia informacij\u0105 apie pa\u017eeidim\u0105 \u012estaigoje, su kuria j\u012f sieja ar siejo darbo santykiai arba sutartiniai santykiai ir kur\u012f kompetentinga institucija pripa\u017e\u012fsta prane\u0161\u0117ju.<\/p>\n\n\n\n<p>_____________________________________________________________________________________________________________<\/p>\n\n\n\n<p><strong>Asmuo informacij\u0105 apie pa\u017eeidim\u0105 gali pateikti:<\/strong><\/p>\n\n\n\n<ul>\n<li>tiesiogiai kreipdamasis \u012f \u0160al\u010dinink\u0173 \u201eSantarv\u0117s\u201c gimnazijos kompeteting\u0105 subjekt\u0105 (direktoriaus pavaduotoj\u0105 ugdymui \u010ceslav\u0105 Levanovi\u010d, tel. 0 380 52878, el. p. <a href=\"mailto:ceslava.levanovic@santarvesgimnazija.lt\">ceslava.levanovic@santarvesgimnazija.lt<\/a>);<\/li>\n\n\n\n<li>pa\u0161tu \u0160al\u010dinink\u0173 \u201eSantarv\u0117s\u201c gimnazijos administracijai, adresu: Vytauto g. 35, \u0160al\u010dininkai, atsi\u0173sdamas u\u017epildyt\u0105 Prane\u0161imo apie pa\u017eeidim\u0105 form\u0105 arba laisvos formos prane\u0161im\u0105, ant voko pa\u017eymint \u201eKompetentingam subjektui asmeni\u0161kai;<\/li>\n\n\n\n<li>pristatyti \u012f \u012fstaig\u0105 atsakingam asmeniui (Vytauto g. 35, \u0160al\u010dininkai, direktoriaus pavaduotojos ugdymui kabinetas).<\/li>\n<\/ul>\n\n\n\n<p><strong>Informacij\u0105 apie pa\u017eeidim\u0105 teikiantis asmuo nurodo:<\/strong><\/p>\n\n\n\n<ul>\n<li>kas, kada, kokiu b\u016bdu ir kok\u012f pa\u017eeidim\u0105 padar\u0117, daro ar rengiasi daryti;<\/li>\n\n\n\n<li>su\u017einojimo apie pa\u017eeidim\u0105 dat\u0105 ir aplinkybes;<\/li>\n\n\n\n<li>savo vard\u0105, pavard\u0119, asmens kod\u0105, darboviet\u0119, kitus kontaktinius duomenis;<\/li>\n\n\n\n<li>jei \u012fmanoma, pateikia bet kokius turimus dokumentus, duomenis ar informacij\u0105, atskleid\u017eian\u010di\u0105 galimo pa\u017eeidimo po\u017eymius;<\/li>\n\n\n\n<li>ar apie pa\u017eeidim\u0105 jau yra kam nors prane\u0161\u0119s ir, jei prane\u0161\u0117, kam buvo prane\u0161ta, ar buvo gautas atsakymas;<\/li>\n\n\n\n<li>kad yra susipa\u017ein\u0119s su teisin\u0117mis pasekm\u0117mis u\u017e melagingos informacijos teikim\u0105.<\/li>\n<\/ul>\n\n\n\n<p><strong>Asmen\u0173, pateikusi\u0173 informacij\u0105 apie pa\u017eeidimus, apsaugos, skatinimo ir pagalbos jiems priemon\u0117s:<\/strong><\/p>\n\n\n\n<ul>\n<li>asmens konfidencialumo u\u017etikrinimas;<\/li>\n\n\n\n<li>draudimas daryti neigiam\u0105 poveik\u012f asmeniui, pateikusiam informacij\u0105 apie pa\u017eeidim\u0105;<\/li>\n\n\n\n<li>teis\u0117 gauti atlyginim\u0105 u\u017e verting\u0105 informacij\u0105;<\/li>\n\n\n\n<li>teis\u0117 gauti kompensacij\u0105;<\/li>\n\n\n\n<li>nemokamos teisin\u0117s pagalbos u\u017etikrinimas;<\/li>\n\n\n\n<li>atleidimas nuo atsakomyb\u0117s.<\/li>\n<\/ul>\n\n\n\n<p>Prie\u0161 darbuotoj\u0105, pateikus\u012f informacij\u0105 apie pa\u017eeidim\u0105, ir jo \u0161eimos narius, dirban\u010dius ministerijoje arba kitame su ministerija subordinaciniais ry\u0161iais susijusiame juridiniame asmenyje, d\u0117l tokios informacijos pateikimo nuo informacijos pateikimo dienos draud\u017eiama imtis neigiamo poveikio priemoni\u0173: atleisti j\u012f i\u0161 darbo, perkelti \u012f \u017eemesnes pareigas ar kit\u0105 darbo viet\u0105, bauginti, priekabiauti, diskriminuoti, grasinti susidoroti, apriboti karjeros galimybes, suma\u017einti darbo u\u017emokest\u012f, pakeisti darbo laik\u0105, kelti abejones d\u0117l kompetencijos, perduoti neigiam\u0105 informacij\u0105 apie j\u012f tretiesiems asmenims, panaikinti teis\u0119 dirbti su valstyb\u0117s paslapt\u012f sudaran\u010dia informacija, taikyti bet kokias kitas neigiamo poveikio priemones.<\/p>\n\n\n\n<p>Darbuotojui, prane\u0161usiam apie pa\u017eeidim\u0105, ir jo \u0161eimos nariams, dirbantiems gimnazijoje, taikomos teisin\u0117s gynybos priemon\u0117s, nustatytos Lietuvos Respublikos prane\u0161\u0117j\u0173 apsaugos \u012fstatymo 11 straipsnyje ir kituose teis\u0117s aktuose.<\/p>\n\n\n<p><a href=\"http:\/\/www.santarves.salcininkai.lm.lt\/wp-content\/uploads\/2025\/10\/pranesimo-apie-pazeidima-forma.docx\">Prane\u0161imo apie pa\u017eeidim\u0105 forma<\/a><\/p>\n\n\n<p>_______________________________________________________________________________________________________________<\/p>\n\n\n\n<p><strong>Prane\u0161\u0117j\u0173 apsaug\u0105 reglamentuojantys teis\u0117s aktai:<\/strong><\/p>\n\n\n\n<p>Lietuvos Respublikos prane\u0161\u0117j\u0173 apsaugos \u012fstatymas <a rel=\"noreferrer noopener\" href=\"https:\/\/www.e-tar.lt\/portal\/lt\/legalAct\/2986b360db3611e7910a89ac20768b0f\" target=\"_blank\">https:\/\/www.e-tar.lt\/portal\/lt\/legalAct\/2986b360db3611e7910a89ac20768b0f<\/a> <\/p>\n\n\n\n<p>Lietuvos Respublikos Vyriausyb\u0117s nutarimas ,,D\u0117l Lietuvos Respublikos prane\u0161\u0117j\u0173 apsaugos \u012fstatymo \u012fgyvendinimo\u201c <a rel=\"noreferrer noopener\" href=\"https:\/\/www.e-tar.lt\/portal\/lt\/legalAct\/c5d99180ed8a11e88568e724760eeafa\/asr\" target=\"_blank\">https:\/\/www.e-tar.lt\/portal\/lt\/legalAct\/c5d99180ed8a11e88568e724760eeafa\/asr<\/a><\/p>\n","protected":false},"excerpt":{"rendered":"<p>Informacija atnaujinta 2025-10-23 Lietuvos Respublikos prane\u0161\u0117j\u0173 apsaugos \u012fstatymas \u012ftvirtina asmen\u0173, pateikusi\u0173 informacij\u0105 apie pa\u017eeidim\u0105 \u012fstaigoje, su kuria juos sieja ar siejo tarnybos ar darbo santykiai arba sutartiniai santykiai, apsaugos mechanizm\u0105. \u012estatymas taip pat nustato apie pa\u017eeidimus \u012fstaigose prane\u0161usi\u0173 asmen\u0173 teises ir pareigas, j\u0173 teisin\u0117s apsaugos pagrindus ir formas, taip pat \u0161i\u0173 asmen\u0173 apsaugos, skatinimo ir [&hellip;]<\/p>\n","protected":false},"author":1,"featured_media":0,"parent":0,"menu_order":16,"comment_status":"closed","ping_status":"closed","template":"","meta":{"ngg_post_thumbnail":0},"_links":{"self":[{"href":"http:\/\/www.santarves.salcininkai.lm.lt\/index.php?rest_route=\/wp\/v2\/pages\/7680"}],"collection":[{"href":"http:\/\/www.santarves.salcininkai.lm.lt\/index.php?rest_route=\/wp\/v2\/pages"}],"about":[{"href":"http:\/\/www.santarves.salcininkai.lm.lt\/index.php?rest_route=\/wp\/v2\/types\/page"}],"author":[{"embeddable":true,"href":"http:\/\/www.santarves.salcininkai.lm.lt\/index.php?rest_route=\/wp\/v2\/users\/1"}],"replies":[{"embeddable":true,"href":"http:\/\/www.santarves.salcininkai.lm.lt\/index.php?rest_route=%2Fwp%2Fv2%2Fcomments&post=7680"}],"version-history":[{"count":6,"href":"http:\/\/www.santarves.salcininkai.lm.lt\/index.php?rest_route=\/wp\/v2\/pages\/7680\/revisions"}],"predecessor-version":[{"id":7687,"href":"http:\/\/www.santarves.salcininkai.lm.lt\/index.php?rest_route=\/wp\/v2\/pages\/7680\/revisions\/7687"}],"wp:attachment":[{"href":"http:\/\/www.santarves.salcininkai.lm.lt\/index.php?rest_route=%2Fwp%2Fv2%2Fmedia&parent=7680"}],"curies":[{"name":"wp","href":"https:\/\/api.w.org\/{rel}","templated":true}]}}